{"id":7943,"date":"2025-04-15T22:31:24","date_gmt":"2025-04-15T22:31:24","guid":{"rendered":"https:\/\/nomarcasestilo.com\/?post_type=product&#038;p=7943"},"modified":"2025-11-22T12:41:14","modified_gmt":"2025-11-22T12:41:14","slug":"taza-clasica-soy-un-helicoptero-apache-fondo-claro","status":"publish","type":"product","link":"https:\/\/nomarcasestilo.com\/?product=taza-clasica-soy-un-helicoptero-apache-fondo-claro","title":{"rendered":"Taza cl\u00e1sica |  Soy un helic\u00f3ptero apache"},"content":{"rendered":"","protected":false},"excerpt":{"rendered":"<p data-testid=\"ds-box\">***A veces est\u00e1 en oferta.<\/p>\n<h3 class=\"styles_box__54ba70e3 styles_text__5c7a80ef styles_display3__5c7a80ef styles_displayBlock__54ba70e3\" data-testid=\"ds-box\">Caracter\u00edsticas del producto<\/h3>\n<p>&nbsp;<\/p>\n<ul class=\"styles_list__7e0826d8 styles_bulleted__7e0826d8\">\n<li class=\"styles_listItem__7e0826d8\"><span class=\"styles_box__54ba70e3 styles_text__5c7a80ef styles_body__5c7a80ef\" data-testid=\"ds-box\">\u00bfCaf\u00e9, t\u00e9 or arte? Todo en uno con esta taza de cer\u00e1mica<\/span><\/li>\n<li class=\"styles_listItem__7e0826d8\"><span class=\"styles_box__54ba70e3 styles_text__5c7a80ef styles_body__5c7a80ef\" data-testid=\"ds-box\">Capacidad de 350\u00a0ml<\/span><\/li>\n<li class=\"styles_listItem__7e0826d8\"><span class=\"styles_box__54ba70e3 styles_text__5c7a80ef styles_body__5c7a80ef\" data-testid=\"ds-box\">El di\u00e1metro de la taza es de 8.2\u00a0cm (3.2 pulgadas), sin incluir el mango<\/span><\/li>\n<li class=\"styles_listItem__7e0826d8\"><span class=\"styles_box__54ba70e3 styles_text__5c7a80ef styles_body__5c7a80ef\" data-testid=\"ds-box\">Cer\u00e1mica apta para lavavajillas y microondas<\/span><\/li>\n<li class=\"styles_listItem__7e0826d8\"><span class=\"styles_box__54ba70e3 styles_text__5c7a80ef styles_body__5c7a80ef\" data-testid=\"ds-box\">Dise\u00f1o por toda la superficie impreso para ti cuando lo pides<\/span><\/li>\n<li class=\"styles_listItem__7e0826d8\"><span class=\"styles_box__54ba70e3 styles_text__5c7a80ef styles_body__5c7a80ef\" data-testid=\"ds-box\">Dado que cada producto est\u00e1 hecho solo para ti por imprentas independientes locales, es posible que haya ligeras variaciones en el producto recibido.<\/span><\/li>\n<\/ul>\n<p>****<strong>El resto de detalles<\/strong> podr\u00e1s encontrarlos en la plataforma de <strong>Redbubble<\/strong>. Solo clica el bot\u00f3n y te lleva directamente.<\/p>\n","protected":false},"featured_media":29420,"comment_status":"open","ping_status":"closed","template":"","meta":[],"product_brand":[],"product_cat":[26,34,151,76],"product_tag":[],"class_list":{"0":"post-7943","1":"product","2":"type-product","3":"status-publish","4":"has-post-thumbnail","6":"product_cat-disenos_srsnake","7":"product_cat-redbubble","8":"product_cat-soy-un-helicoptero-apache","9":"product_cat-tazas-clasicas","11":"first","12":"instock","13":"shipping-taxable","14":"product-type-external"},"aioseo_notices":[],"jetpack_sharing_enabled":true,"_links":{"self":[{"href":"https:\/\/nomarcasestilo.com\/index.php?rest_route=\/wp\/v2\/product\/7943","targetHints":{"allow":["GET"]}}],"collection":[{"href":"https:\/\/nomarcasestilo.com\/index.php?rest_route=\/wp\/v2\/product"}],"about":[{"href":"https:\/\/nomarcasestilo.com\/index.php?rest_route=\/wp\/v2\/types\/product"}],"replies":[{"embeddable":true,"href":"https:\/\/nomarcasestilo.com\/index.php?rest_route=%2Fwp%2Fv2%2Fcomments&post=7943"}],"wp:featuredmedia":[{"embeddable":true,"href":"https:\/\/nomarcasestilo.com\/index.php?rest_route=\/wp\/v2\/media\/29420"}],"wp:attachment":[{"href":"https:\/\/nomarcasestilo.com\/index.php?rest_route=%2Fwp%2Fv2%2Fmedia&parent=7943"}],"wp:term":[{"taxonomy":"product_brand","embeddable":true,"href":"https:\/\/nomarcasestilo.com\/index.php?rest_route=%2Fwp%2Fv2%2Fproduct_brand&post=7943"},{"taxonomy":"product_cat","embeddable":true,"href":"https:\/\/nomarcasestilo.com\/index.php?rest_route=%2Fwp%2Fv2%2Fproduct_cat&post=7943"},{"taxonomy":"product_tag","embeddable":true,"href":"https:\/\/nomarcasestilo.com\/index.php?rest_route=%2Fwp%2Fv2%2Fproduct_tag&post=7943"}],"curies":[{"name":"wp","href":"https:\/\/api.w.org\/{rel}","templated":true}]}}