{"id":7371,"date":"2025-04-14T15:44:11","date_gmt":"2025-04-14T15:44:11","guid":{"rendered":"https:\/\/nomarcasestilo.com\/?post_type=product&#038;p=7371"},"modified":"2025-11-22T12:55:07","modified_gmt":"2025-11-22T12:55:07","slug":"alfombra-de-bano-hijos-del-patriarcado-letras-blancas","status":"publish","type":"product","link":"https:\/\/nomarcasestilo.com\/?product=alfombra-de-bano-hijos-del-patriarcado-letras-blancas","title":{"rendered":"Alfombra de ba\u00f1o | Hijos Del Patriarcado (letras blancas)"},"content":{"rendered":"","protected":false},"excerpt":{"rendered":"<p>&nbsp;<\/p>\n<ul>\n<li>Grande: 36,72\u20ac<\/li>\n<\/ul>\n<p>***A veces est\u00e1 en oferta.<\/p>\n<h3 class=\"styles_box__54ba70e3 styles_text__5c7a80ef styles_display3__5c7a80ef styles_displayBlock__54ba70e3\" data-testid=\"ds-box\">Caracter\u00edsticas del producto<\/h3>\n<p>&nbsp;<\/p>\n<ul class=\"styles_list__7e0826d8 styles_bulleted__7e0826d8\">\n<li class=\"styles_listItem__7e0826d8\"><span class=\"styles_box__54ba70e3 styles_text__5c7a80ef styles_body__5c7a80ef\" data-testid=\"ds-box\">De la ducha a una obra de arte suave, esponjosa y absorbente<\/span><\/li>\n<li class=\"styles_listItem__7e0826d8\"><span class=\"styles_box__54ba70e3 styles_text__5c7a80ef styles_body__5c7a80ef\" data-testid=\"ds-box\">Alfombra de ba\u00f1o con coj\u00edn de espuma y base antideslizante<\/span><\/li>\n<li class=\"styles_listItem__7e0826d8\"><span class=\"styles_box__54ba70e3 styles_text__5c7a80ef styles_body__5c7a80ef\" data-testid=\"ds-box\">100\u00a0% microfibra de poli\u00e9ster por delante y poli\u00e9ster detr\u00e1s<\/span><\/li>\n<li class=\"styles_listItem__7e0826d8\"><span class=\"styles_box__54ba70e3 styles_text__5c7a80ef styles_body__5c7a80ef\" data-testid=\"ds-box\">Dise\u00f1o a todo color resistente al paso del tiempo impreso para ti al pedirlo<\/span><\/li>\n<li class=\"styles_listItem__7e0826d8\"><span class=\"styles_box__54ba70e3 styles_text__5c7a80ef styles_body__5c7a80ef\" data-testid=\"ds-box\">Disponible en varios tama\u00f1os<\/span><\/li>\n<li class=\"styles_listItem__7e0826d8\"><span class=\"styles_box__54ba70e3 styles_text__5c7a80ef styles_body__5c7a80ef\" data-testid=\"ds-box\">Lavado a m\u00e1quina con agua fr\u00eda<\/span><\/li>\n<li class=\"styles_listItem__7e0826d8\"><span class=\"styles_box__54ba70e3 styles_text__5c7a80ef styles_body__5c7a80ef\" data-testid=\"ds-box\">Dado que cada producto est\u00e1 hecho solo para ti por imprentas independientes locales, es posible que haya ligeras variaciones en el producto recibido.<\/span><\/li>\n<\/ul>\n<p>****<strong>El resto de detalles<\/strong> podr\u00e1s encontrarlos en la plataforma de <strong>Redbubble<\/strong>. Solo clica el bot\u00f3n y te lleva directamente.<\/p>\n","protected":false},"featured_media":23660,"comment_status":"open","ping_status":"closed","template":"","meta":[],"product_brand":[],"product_cat":[63,26,149,34],"product_tag":[],"class_list":{"0":"post-7371","1":"product","2":"type-product","3":"status-publish","4":"has-post-thumbnail","6":"product_cat-alfombra-de-bano","7":"product_cat-disenos_srsnake","8":"product_cat-hijos-del-patriarcado-letras-blancas","9":"product_cat-redbubble","11":"first","12":"instock","13":"shipping-taxable","14":"product-type-external"},"aioseo_notices":[],"jetpack_sharing_enabled":true,"_links":{"self":[{"href":"https:\/\/nomarcasestilo.com\/index.php?rest_route=\/wp\/v2\/product\/7371","targetHints":{"allow":["GET"]}}],"collection":[{"href":"https:\/\/nomarcasestilo.com\/index.php?rest_route=\/wp\/v2\/product"}],"about":[{"href":"https:\/\/nomarcasestilo.com\/index.php?rest_route=\/wp\/v2\/types\/product"}],"replies":[{"embeddable":true,"href":"https:\/\/nomarcasestilo.com\/index.php?rest_route=%2Fwp%2Fv2%2Fcomments&post=7371"}],"wp:featuredmedia":[{"embeddable":true,"href":"https:\/\/nomarcasestilo.com\/index.php?rest_route=\/wp\/v2\/media\/23660"}],"wp:attachment":[{"href":"https:\/\/nomarcasestilo.com\/index.php?rest_route=%2Fwp%2Fv2%2Fmedia&parent=7371"}],"wp:term":[{"taxonomy":"product_brand","embeddable":true,"href":"https:\/\/nomarcasestilo.com\/index.php?rest_route=%2Fwp%2Fv2%2Fproduct_brand&post=7371"},{"taxonomy":"product_cat","embeddable":true,"href":"https:\/\/nomarcasestilo.com\/index.php?rest_route=%2Fwp%2Fv2%2Fproduct_cat&post=7371"},{"taxonomy":"product_tag","embeddable":true,"href":"https:\/\/nomarcasestilo.com\/index.php?rest_route=%2Fwp%2Fv2%2Fproduct_tag&post=7371"}],"curies":[{"name":"wp","href":"https:\/\/api.w.org\/{rel}","templated":true}]}}