{"id":7328,"date":"2025-04-14T11:27:19","date_gmt":"2025-04-14T11:27:19","guid":{"rendered":"https:\/\/nomarcasestilo.com\/?post_type=product&#038;p=7328"},"modified":"2025-11-22T12:56:10","modified_gmt":"2025-11-22T12:56:10","slug":"funda-blanda-para-samsung-hijos-del-patriarcado-letras-blancas","status":"publish","type":"product","link":"https:\/\/nomarcasestilo.com\/?product=funda-blanda-para-samsung-hijos-del-patriarcado-letras-blancas","title":{"rendered":"Funda blanda para Samsung | Hijos Del Patriarcado (letras blancas)"},"content":{"rendered":"<h3 class=\"styles_box__54ba70e3 styles_text__5c7a80ef styles_display3__5c7a80ef styles_displayBlock__54ba70e3\" data-testid=\"ds-box\"><\/h3>\n","protected":false},"excerpt":{"rendered":"<p data-testid=\"ds-box\">***A veces est\u00e1 en oferta.<\/p>\n<h3 class=\"styles_box__54ba70e3 styles_text__5c7a80ef styles_display3__5c7a80ef styles_displayBlock__54ba70e3\" data-testid=\"ds-box\">Caracter\u00edsticas del producto<\/h3>\n<p>&nbsp;<\/p>\n<ul class=\"styles_list__7e0826d8 styles_bulleted__7e0826d8\">\n<li class=\"styles_listItem__7e0826d8\"><span class=\"styles_box__54ba70e3 styles_text__5c7a80ef styles_body__5c7a80ef\" data-testid=\"ds-box\">Funda resistente y flexible que se ajusta perfectamente al tel\u00e9fono<\/span><\/li>\n<li class=\"styles_listItem__7e0826d8\"><span class=\"styles_box__54ba70e3 styles_text__5c7a80ef styles_body__5c7a80ef\" data-testid=\"ds-box\">Funda anti-huella con protecci\u00f3n TPU a prueba de golpes<\/span><\/li>\n<li class=\"styles_listItem__7e0826d8\"><span class=\"styles_box__54ba70e3 styles_text__5c7a80ef styles_body__5c7a80ef\" data-testid=\"ds-box\">Los colores est\u00e1n imprimidos directamente sobre la superficie esmerilada<\/span><\/li>\n<li class=\"styles_listItem__7e0826d8\"><span class=\"styles_box__54ba70e3 styles_text__5c7a80ef styles_body__5c7a80ef\" data-testid=\"ds-box\">El dise\u00f1o est\u00e1 impreso en la parte de atr\u00e1s mientras que los bordes quedan semitransparentes y permiten acceso a todos los puertos<\/span><\/li>\n<li class=\"styles_listItem__7e0826d8\"><span class=\"styles_box__54ba70e3 styles_text__5c7a80ef styles_body__5c7a80ef\" data-testid=\"ds-box\">Compatible with Qi-standard wireless charging and PowerShare<\/span><\/li>\n<li class=\"styles_listItem__7e0826d8\"><span class=\"styles_box__54ba70e3 styles_text__5c7a80ef styles_body__5c7a80ef\" data-testid=\"ds-box\">Peso: 26 g<\/span><\/li>\n<li class=\"styles_listItem__7e0826d8\"><span class=\"styles_box__54ba70e3 styles_text__5c7a80ef styles_body__5c7a80ef\" data-testid=\"ds-box\">Grosor: 1.6 mm (1\/16 pulgadas)<\/span><\/li>\n<li class=\"styles_listItem__7e0826d8\"><span class=\"styles_box__54ba70e3 styles_text__5c7a80ef styles_body__5c7a80ef\" data-testid=\"ds-box\">No compatible con dispositivos Fan Edition (FE)<\/span><\/li>\n<li class=\"styles_listItem__7e0826d8\"><span class=\"styles_box__54ba70e3 styles_text__5c7a80ef styles_body__5c7a80ef\" data-testid=\"ds-box\">Dado que cada producto est\u00e1 hecho solo para ti por imprentas independientes locales, es posible que haya ligeras variaciones en el producto recibido.<\/span><\/li>\n<\/ul>\n<p>&nbsp;<\/p>\n<h3><\/h3>\n<h3><strong>Modelos:<\/strong><\/h3>\n<p>Hay para un mont\u00f3n de modelos, en Redbubble podr\u00e1s buscarlo.<\/p>\n<p>&#8212;&#8212;&#8212;&#8212;&#8212;&#8212;&#8212;&#8212;&#8212;&#8212;&#8212;&#8212;&#8212;&#8212;&#8212;&#8212;&#8212;&#8212;&#8212;&#8212;&#8212;&#8212;&#8212;&#8212;&#8212;&#8212;&#8212;&#8212;&#8212;&#8212;&#8212;&#8212;&#8212;&#8212;&#8212;&#8212;&#8212;&#8212;&#8212;&#8212;&#8212;&#8212;&#8212;&#8212;&#8212;&#8212;&#8212;&#8212;&#8212;&#8211;<\/p>\n<p>****<strong>El resto de detalles<\/strong> podr\u00e1s encontrarlos en la plataforma de <strong>Redbubble<\/strong>. Solo clica el bot\u00f3n y te lleva directamente.<\/p>\n","protected":false},"featured_media":23692,"comment_status":"open","ping_status":"closed","template":"","meta":[],"product_brand":[],"product_cat":[26,48,149,34],"product_tag":[],"class_list":{"0":"post-7328","1":"product","2":"type-product","3":"status-publish","4":"has-post-thumbnail","6":"product_cat-disenos_srsnake","7":"product_cat-funda-samsung-blanda","8":"product_cat-hijos-del-patriarcado-letras-blancas","9":"product_cat-redbubble","11":"first","12":"instock","13":"shipping-taxable","14":"product-type-external"},"aioseo_notices":[],"jetpack_sharing_enabled":true,"_links":{"self":[{"href":"https:\/\/nomarcasestilo.com\/index.php?rest_route=\/wp\/v2\/product\/7328","targetHints":{"allow":["GET"]}}],"collection":[{"href":"https:\/\/nomarcasestilo.com\/index.php?rest_route=\/wp\/v2\/product"}],"about":[{"href":"https:\/\/nomarcasestilo.com\/index.php?rest_route=\/wp\/v2\/types\/product"}],"replies":[{"embeddable":true,"href":"https:\/\/nomarcasestilo.com\/index.php?rest_route=%2Fwp%2Fv2%2Fcomments&post=7328"}],"wp:featuredmedia":[{"embeddable":true,"href":"https:\/\/nomarcasestilo.com\/index.php?rest_route=\/wp\/v2\/media\/23692"}],"wp:attachment":[{"href":"https:\/\/nomarcasestilo.com\/index.php?rest_route=%2Fwp%2Fv2%2Fmedia&parent=7328"}],"wp:term":[{"taxonomy":"product_brand","embeddable":true,"href":"https:\/\/nomarcasestilo.com\/index.php?rest_route=%2Fwp%2Fv2%2Fproduct_brand&post=7328"},{"taxonomy":"product_cat","embeddable":true,"href":"https:\/\/nomarcasestilo.com\/index.php?rest_route=%2Fwp%2Fv2%2Fproduct_cat&post=7328"},{"taxonomy":"product_tag","embeddable":true,"href":"https:\/\/nomarcasestilo.com\/index.php?rest_route=%2Fwp%2Fv2%2Fproduct_tag&post=7328"}],"curies":[{"name":"wp","href":"https:\/\/api.w.org\/{rel}","templated":true}]}}