{"id":2934,"date":"2025-03-25T18:31:33","date_gmt":"2025-03-25T18:31:33","guid":{"rendered":"https:\/\/nomarcasestilo.com\/?post_type=product&#038;p=2934"},"modified":"2025-11-23T11:21:18","modified_gmt":"2025-11-23T11:21:18","slug":"funda-para-portatil-logotipo-bombilla","status":"publish","type":"product","link":"https:\/\/nomarcasestilo.com\/?product=funda-para-portatil-logotipo-bombilla","title":{"rendered":"Funda para port\u00e1til | Logotipo Bombilla"},"content":{"rendered":"","protected":false},"excerpt":{"rendered":"<p data-testid=\"ds-box\">***A veces est\u00e1 en oferta.<\/p>\n<p data-testid=\"ds-box\">Hay 3 tama\u00f1os:<\/p>\n<ul>\n<li data-testid=\"ds-box\">MacBook 12&#8243;<\/li>\n<li data-testid=\"ds-box\">MacBook Air\/Pro\/Retina 13&#8243;<\/li>\n<li data-testid=\"ds-box\">MacBook Pro\/Retina 15&#8243;<\/li>\n<\/ul>\n<p>*En Redbubble puedes consultar las medidas en cm tambi\u00e9n.<\/p>\n<p>&nbsp;<\/p>\n<h3 class=\"styles_box__54ba70e3 styles_text__5c7a80ef styles_display3__5c7a80ef styles_displayBlock__54ba70e3\" data-testid=\"ds-box\">Caracter\u00edsticas del producto<\/h3>\n<p>&nbsp;<\/p>\n<ul class=\"styles_list__7e0826d8 styles_bulleted__7e0826d8\">\n<li class=\"styles_listItem__7e0826d8\"><span class=\"styles_box__54ba70e3 styles_text__5c7a80ef styles_body__5c7a80ef\" data-testid=\"ds-box\">Funda con cremallera para el ordenador port\u00e1til<\/span><\/li>\n<li class=\"styles_listItem__7e0826d8\"><span class=\"styles_box__54ba70e3 styles_text__5c7a80ef styles_body__5c7a80ef\" data-testid=\"ds-box\">Relleno de espuma y superficie de poli\u00e9ster que protegen de ara\u00f1azos y golpes ligeros<\/span><\/li>\n<li class=\"styles_listItem__7e0826d8\"><span class=\"styles_box__54ba70e3 styles_text__5c7a80ef styles_body__5c7a80ef\" data-testid=\"ds-box\">Impresi\u00f3n de calidad en la parte delantera y parte de atr\u00e1s negra<\/span><\/li>\n<li class=\"styles_listItem__7e0826d8\"><span class=\"styles_box__54ba70e3 styles_text__5c7a80ef styles_body__5c7a80ef\" data-testid=\"ds-box\">Cremallera, acolchado interior y acabados en negro<\/span><\/li>\n<li class=\"styles_listItem__7e0826d8\"><span class=\"styles_box__54ba70e3 styles_text__5c7a80ef styles_body__5c7a80ef\" data-testid=\"ds-box\">Se limpian f\u00e1cilmente con un pa\u00f1o h\u00famedo<\/span><\/li>\n<li class=\"styles_listItem__7e0826d8\"><span class=\"styles_box__54ba70e3 styles_text__5c7a80ef styles_body__5c7a80ef\" data-testid=\"ds-box\">Dado que cada producto est\u00e1 hecho solo para ti por imprentas independientes locales, es posible que haya ligeras variaciones en el producto recibido.<\/span><\/li>\n<\/ul>\n<p>****<strong>El resto de detalles<\/strong> podr\u00e1s encontrarlos en la plataforma de <strong>Redbubble<\/strong>. Solo clica el bot\u00f3n y te lleva directamente.<\/p>\n","protected":false},"featured_media":2935,"comment_status":"open","ping_status":"closed","template":"","meta":[],"product_brand":[],"product_cat":[26,89,38,34],"product_tag":[],"class_list":{"0":"post-2934","1":"product","2":"type-product","3":"status-publish","4":"has-post-thumbnail","6":"product_cat-disenos_srsnake","7":"product_cat-fundas-para-portatil","8":"product_cat-logotipo-bombilla","9":"product_cat-redbubble","11":"first","12":"instock","13":"shipping-taxable","14":"product-type-external"},"aioseo_notices":[],"jetpack_sharing_enabled":true,"_links":{"self":[{"href":"https:\/\/nomarcasestilo.com\/index.php?rest_route=\/wp\/v2\/product\/2934","targetHints":{"allow":["GET"]}}],"collection":[{"href":"https:\/\/nomarcasestilo.com\/index.php?rest_route=\/wp\/v2\/product"}],"about":[{"href":"https:\/\/nomarcasestilo.com\/index.php?rest_route=\/wp\/v2\/types\/product"}],"replies":[{"embeddable":true,"href":"https:\/\/nomarcasestilo.com\/index.php?rest_route=%2Fwp%2Fv2%2Fcomments&post=2934"}],"wp:featuredmedia":[{"embeddable":true,"href":"https:\/\/nomarcasestilo.com\/index.php?rest_route=\/wp\/v2\/media\/2935"}],"wp:attachment":[{"href":"https:\/\/nomarcasestilo.com\/index.php?rest_route=%2Fwp%2Fv2%2Fmedia&parent=2934"}],"wp:term":[{"taxonomy":"product_brand","embeddable":true,"href":"https:\/\/nomarcasestilo.com\/index.php?rest_route=%2Fwp%2Fv2%2Fproduct_brand&post=2934"},{"taxonomy":"product_cat","embeddable":true,"href":"https:\/\/nomarcasestilo.com\/index.php?rest_route=%2Fwp%2Fv2%2Fproduct_cat&post=2934"},{"taxonomy":"product_tag","embeddable":true,"href":"https:\/\/nomarcasestilo.com\/index.php?rest_route=%2Fwp%2Fv2%2Fproduct_tag&post=2934"}],"curies":[{"name":"wp","href":"https:\/\/api.w.org\/{rel}","templated":true}]}}