{"id":29126,"date":"2025-11-06T11:32:41","date_gmt":"2025-11-06T11:32:41","guid":{"rendered":"https:\/\/nomarcasestilo.com\/?post_type=product&#038;p=29126"},"modified":"2025-11-18T12:04:40","modified_gmt":"2025-11-18T12:04:40","slug":"accesorios-gorros-y-gorras-spreadshop-disenos-srssnake","status":"publish","type":"product","link":"https:\/\/nomarcasestilo.com\/?product=accesorios-gorros-y-gorras-spreadshop-disenos-srssnake","title":{"rendered":"Accesorios Gorros y gorras (Spreadshop) | Dise\u00f1os SrSsnake"},"content":{"rendered":"","protected":false},"excerpt":{"rendered":"<p>***A veces est\u00e1 en oferta.<\/p>\n<p>****La foto es una gu\u00eda para mostrar lo que es dentro de la web. Para ver el estilo con sus dise\u00f1os con exactitud debes clickar al bot\u00f3n de: <strong>Comprar en Spreadshop<\/strong><\/p>\n<p>Dentro de estos accesorios para que lo pongas en tu cabeza, tenemos distintos tipos de gorros y gorras.<\/p>\n<p>Ven y p\u00e1sate a verlas por ti mismo!!! \ud83d\ude09<\/p>\n<p>****<strong>El resto de detalles<\/strong> podr\u00e1s encontrarlos en la plataforma de <strong>Spreadshop<\/strong>. Solo clica el bot\u00f3n y te lleva directamente.<\/p>\n","protected":false},"featured_media":29127,"comment_status":"open","ping_status":"closed","template":"","meta":[],"product_brand":[],"product_cat":[282,26,97,160],"product_tag":[],"class_list":{"0":"post-29126","1":"product","2":"type-product","3":"status-publish","4":"has-post-thumbnail","6":"product_cat-accesorios-gorros-y-gorras","7":"product_cat-disenos_srsnake","8":"product_cat-gorras","9":"product_cat-spreadshop","11":"first","12":"instock","13":"shipping-taxable","14":"product-type-external"},"aioseo_notices":[],"jetpack_sharing_enabled":true,"_links":{"self":[{"href":"https:\/\/nomarcasestilo.com\/index.php?rest_route=\/wp\/v2\/product\/29126","targetHints":{"allow":["GET"]}}],"collection":[{"href":"https:\/\/nomarcasestilo.com\/index.php?rest_route=\/wp\/v2\/product"}],"about":[{"href":"https:\/\/nomarcasestilo.com\/index.php?rest_route=\/wp\/v2\/types\/product"}],"replies":[{"embeddable":true,"href":"https:\/\/nomarcasestilo.com\/index.php?rest_route=%2Fwp%2Fv2%2Fcomments&post=29126"}],"wp:featuredmedia":[{"embeddable":true,"href":"https:\/\/nomarcasestilo.com\/index.php?rest_route=\/wp\/v2\/media\/29127"}],"wp:attachment":[{"href":"https:\/\/nomarcasestilo.com\/index.php?rest_route=%2Fwp%2Fv2%2Fmedia&parent=29126"}],"wp:term":[{"taxonomy":"product_brand","embeddable":true,"href":"https:\/\/nomarcasestilo.com\/index.php?rest_route=%2Fwp%2Fv2%2Fproduct_brand&post=29126"},{"taxonomy":"product_cat","embeddable":true,"href":"https:\/\/nomarcasestilo.com\/index.php?rest_route=%2Fwp%2Fv2%2Fproduct_cat&post=29126"},{"taxonomy":"product_tag","embeddable":true,"href":"https:\/\/nomarcasestilo.com\/index.php?rest_route=%2Fwp%2Fv2%2Fproduct_tag&post=29126"}],"curies":[{"name":"wp","href":"https:\/\/api.w.org\/{rel}","templated":true}]}}