{"id":29113,"date":"2025-11-06T10:35:34","date_gmt":"2025-11-06T10:35:34","guid":{"rendered":"https:\/\/nomarcasestilo.com\/?post_type=product&#038;p=29113"},"modified":"2025-11-18T12:07:19","modified_gmt":"2025-11-18T12:07:19","slug":"ropa-deportiva-mujer-spreadshop-disenos-srssnake-2","status":"publish","type":"product","link":"https:\/\/nomarcasestilo.com\/?product=ropa-deportiva-mujer-spreadshop-disenos-srssnake-2","title":{"rendered":"Ropa deportiva mujer (Spreadshop) | Dise\u00f1os SrSsnake"},"content":{"rendered":"","protected":false},"excerpt":{"rendered":"<p>***A veces est\u00e1 en oferta.<\/p>\n<p>****La foto es una gu\u00eda para mostrar lo que es dentro de la web. Para ver el estilo con sus dise\u00f1os con exactitud debes clickar al bot\u00f3n de: <strong>Comprar en Spreadshop<\/strong><\/p>\n<p>Tenemos ropa deportiva de todo tipo para mujer o unisex. Tenemos sudaderas, pantalones, camisetas, camisetas de manga larga, camiseta de tirantes, de baloncesto, etc.<\/p>\n<p>Ven y p\u00e1sate a verlas por ti mismo!!! \ud83d\ude09<\/p>\n<p>****<strong>El resto de detalles<\/strong> podr\u00e1s encontrarlos en la plataforma de <strong>Spreadshop<\/strong>. Solo clica el bot\u00f3n y te lleva directamente.<\/p>\n","protected":false},"featured_media":29112,"comment_status":"open","ping_status":"closed","template":"","meta":[],"product_brand":[],"product_cat":[246,109,111,29,121,116,26,32,280,236,238,229,160,125],"product_tag":[],"class_list":{"0":"post-29113","1":"product","2":"type-product","3":"status-publish","4":"has-post-thumbnail","6":"product_cat-banador","7":"product_cat-camiseta-de-manga-larga","8":"product_cat-camiseta-deportiva","9":"product_cat-camisetas","10":"product_cat-camisetas-de-tirantes","11":"product_cat-camisetas-estilo-beisbol","12":"product_cat-disenos_srsnake","13":"product_cat-mujer","14":"product_cat-mujer-ropa-deportiva","15":"product_cat-pantalones","16":"product_cat-pantalones-cortos","17":"product_cat-polos","18":"product_cat-spreadshop","19":"product_cat-sudaderas","21":"first","22":"instock","23":"shipping-taxable","24":"product-type-external"},"aioseo_notices":[],"jetpack_sharing_enabled":true,"_links":{"self":[{"href":"https:\/\/nomarcasestilo.com\/index.php?rest_route=\/wp\/v2\/product\/29113","targetHints":{"allow":["GET"]}}],"collection":[{"href":"https:\/\/nomarcasestilo.com\/index.php?rest_route=\/wp\/v2\/product"}],"about":[{"href":"https:\/\/nomarcasestilo.com\/index.php?rest_route=\/wp\/v2\/types\/product"}],"replies":[{"embeddable":true,"href":"https:\/\/nomarcasestilo.com\/index.php?rest_route=%2Fwp%2Fv2%2Fcomments&post=29113"}],"wp:featuredmedia":[{"embeddable":true,"href":"https:\/\/nomarcasestilo.com\/index.php?rest_route=\/wp\/v2\/media\/29112"}],"wp:attachment":[{"href":"https:\/\/nomarcasestilo.com\/index.php?rest_route=%2Fwp%2Fv2%2Fmedia&parent=29113"}],"wp:term":[{"taxonomy":"product_brand","embeddable":true,"href":"https:\/\/nomarcasestilo.com\/index.php?rest_route=%2Fwp%2Fv2%2Fproduct_brand&post=29113"},{"taxonomy":"product_cat","embeddable":true,"href":"https:\/\/nomarcasestilo.com\/index.php?rest_route=%2Fwp%2Fv2%2Fproduct_cat&post=29113"},{"taxonomy":"product_tag","embeddable":true,"href":"https:\/\/nomarcasestilo.com\/index.php?rest_route=%2Fwp%2Fv2%2Fproduct_tag&post=29113"}],"curies":[{"name":"wp","href":"https:\/\/api.w.org\/{rel}","templated":true}]}}