{"id":28012,"date":"2025-10-13T15:53:34","date_gmt":"2025-10-13T15:53:34","guid":{"rendered":"https:\/\/nomarcasestilo.com\/?post_type=product&#038;p=28012"},"modified":"2025-11-18T15:24:28","modified_gmt":"2025-11-18T15:24:28","slug":"sudadera-oversize-premium-soy-transeunte","status":"publish","type":"product","link":"https:\/\/nomarcasestilo.com\/?product=sudadera-oversize-premium-soy-transeunte","title":{"rendered":"Sudadera oversize premium | Soy transe\u00fante"},"content":{"rendered":"","protected":false},"excerpt":{"rendered":"<p data-testid=\"ds-box\">***A veces est\u00e1 en oferta.<\/p>\n<h4 class=\"styles_box__54ba70e3 styles_text__5c7a80ef styles_display3__5c7a80ef styles_displayBlock__54ba70e3\" data-testid=\"ds-box\">Caracter\u00edsticas del producto<\/h4>\n<p>&nbsp;<\/p>\n<ul class=\"styles_list__7e0826d8 styles_bulleted__7e0826d8\">\n<li class=\"styles_listItem__7e0826d8\"><span class=\"styles_box__54ba70e3 styles_text__5c7a80ef styles_body__5c7a80ef\" data-testid=\"ds-box\">Nuestra sudadera m\u00e1s pr\u00e9mium hasta ahora en una tela gruesa de polar de 283\u2022gramos<\/span><\/li>\n<li class=\"styles_listItem__7e0826d8\"><span class=\"styles_box__54ba70e3 styles_text__5c7a80ef styles_body__5c7a80ef\" data-testid=\"ds-box\">Tu silueta favorita de sudadera cl\u00e1sica con espacio extra en las mangas<\/span><\/li>\n<li class=\"styles_listItem__7e0826d8\"><span class=\"styles_box__54ba70e3 styles_text__5c7a80ef styles_body__5c7a80ef\" data-testid=\"ds-box\">Una construcci\u00f3n abrigada que te proporciona suficiente calidez mientras mantiene la comodidad<\/span><\/li>\n<li class=\"styles_listItem__7e0826d8\"><span class=\"styles_box__54ba70e3 styles_text__5c7a80ef styles_body__5c7a80ef\" data-testid=\"ds-box\">Acabados sutiles y limpios para lograr un look mejorado, tanto si te vistes elegante como informal<\/span><\/li>\n<li class=\"styles_listItem__7e0826d8\"><span class=\"styles_box__54ba70e3 styles_text__5c7a80ef styles_body__5c7a80ef\" data-testid=\"ds-box\">Tus colores neutros favoritos adem\u00e1s de nuevos colores inspirados en el estilo retro entre los que elegir<\/span><\/li>\n<li class=\"styles_listItem__7e0826d8\"><span class=\"styles_box__54ba70e3 styles_text__5c7a80ef styles_body__5c7a80ef\" data-testid=\"ds-box\">Elige una talla m\u00e1s si te gusta que las sudaderas queden m\u00e1s holgadas en el cuerpo<\/span><\/li>\n<li class=\"styles_listItem__7e0826d8\"><span class=\"styles_box__54ba70e3 styles_text__5c7a80ef styles_body__5c7a80ef\" data-testid=\"ds-box\">Male model shown is 6&#8217;2&#8243; \/ 188 cm tall and wearing size XL &#8211; He usually wears size Large<\/span><\/li>\n<li class=\"styles_listItem__7e0826d8\"><span class=\"styles_box__54ba70e3 styles_text__5c7a80ef styles_body__5c7a80ef\" data-testid=\"ds-box\">La modelo que aparece mide 1,80\u2022m y lleva la talla M; normalmente usa la talla S<\/span><\/li>\n<li class=\"styles_listItem__7e0826d8\"><span class=\"styles_box__54ba70e3 styles_text__5c7a80ef styles_body__5c7a80ef\" data-testid=\"ds-box\">Instrucciones de lavado: Lava a mano o a m\u00e1quina con agua fr\u00eda. No limpies la prenda en seco, no utilices lej\u00eda, no utilices la secadora ni planches sobre el estampado.<\/span><\/li>\n<li class=\"styles_listItem__7e0826d8\"><span class=\"styles_box__54ba70e3 styles_text__5c7a80ef styles_body__5c7a80ef\" data-testid=\"ds-box\">Dado que cada producto est\u00e1 hecho solo para ti por imprentas independientes locales, es posible que haya ligeras variaciones en el producto recibido.<\/span><\/li>\n<\/ul>\n<p>&nbsp;<\/p>\n<p>****<strong>El resto de detalles<\/strong> podr\u00e1s encontrarlos en la plataforma de Redbubble. Solo clica el bot\u00f3n y te lleva directamente.<\/p>\n","protected":false},"featured_media":28013,"comment_status":"open","ping_status":"closed","template":"","meta":[],"product_brand":[],"product_cat":[26,34,147,227,220,125,130],"product_tag":[],"class_list":{"0":"post-28012","1":"product","2":"type-product","3":"status-publish","4":"has-post-thumbnail","6":"product_cat-disenos_srsnake","7":"product_cat-redbubble","8":"product_cat-soy-transeunte","9":"product_cat-sudadera-oversize","10":"product_cat-sudadera-premium","11":"product_cat-sudaderas","12":"product_cat-sudaderas-sin-capucha","14":"first","15":"instock","16":"shipping-taxable","17":"product-type-external"},"aioseo_notices":[],"jetpack_sharing_enabled":true,"_links":{"self":[{"href":"https:\/\/nomarcasestilo.com\/index.php?rest_route=\/wp\/v2\/product\/28012","targetHints":{"allow":["GET"]}}],"collection":[{"href":"https:\/\/nomarcasestilo.com\/index.php?rest_route=\/wp\/v2\/product"}],"about":[{"href":"https:\/\/nomarcasestilo.com\/index.php?rest_route=\/wp\/v2\/types\/product"}],"replies":[{"embeddable":true,"href":"https:\/\/nomarcasestilo.com\/index.php?rest_route=%2Fwp%2Fv2%2Fcomments&post=28012"}],"wp:featuredmedia":[{"embeddable":true,"href":"https:\/\/nomarcasestilo.com\/index.php?rest_route=\/wp\/v2\/media\/28013"}],"wp:attachment":[{"href":"https:\/\/nomarcasestilo.com\/index.php?rest_route=%2Fwp%2Fv2%2Fmedia&parent=28012"}],"wp:term":[{"taxonomy":"product_brand","embeddable":true,"href":"https:\/\/nomarcasestilo.com\/index.php?rest_route=%2Fwp%2Fv2%2Fproduct_brand&post=28012"},{"taxonomy":"product_cat","embeddable":true,"href":"https:\/\/nomarcasestilo.com\/index.php?rest_route=%2Fwp%2Fv2%2Fproduct_cat&post=28012"},{"taxonomy":"product_tag","embeddable":true,"href":"https:\/\/nomarcasestilo.com\/index.php?rest_route=%2Fwp%2Fv2%2Fproduct_tag&post=28012"}],"curies":[{"name":"wp","href":"https:\/\/api.w.org\/{rel}","templated":true}]}}