{"id":24417,"date":"2025-09-21T11:46:42","date_gmt":"2025-09-21T11:46:42","guid":{"rendered":"https:\/\/nomarcasestilo.com\/?post_type=product&#038;p=24417"},"modified":"2025-11-19T15:45:31","modified_gmt":"2025-11-19T15:45:31","slug":"funda-blanda-para-iphone-democracia-formal","status":"publish","type":"product","link":"https:\/\/nomarcasestilo.com\/?product=funda-blanda-para-iphone-democracia-formal","title":{"rendered":"Funda blanda para iPhone | Democracia formal"},"content":{"rendered":"","protected":false},"excerpt":{"rendered":"<p data-testid=\"ds-box\">***A veces est\u00e1 en oferta.<\/p>\n<h3 class=\"styles_box__54ba70e3 styles_text__5c7a80ef styles_display3__5c7a80ef styles_displayBlock__54ba70e3\" data-testid=\"ds-box\">Caracter\u00edsticas del producto<\/h3>\n<p>&nbsp;<\/p>\n<ul class=\"styles_list__7e0826d8 styles_bulleted__7e0826d8\">\n<li class=\"styles_listItem__7e0826d8\"><span class=\"styles_box__54ba70e3 styles_text__5c7a80ef styles_body__5c7a80ef\" data-testid=\"ds-box\">Funda resistente y flexible que se ajusta perfectamente al tel\u00e9fono<\/span><\/li>\n<li class=\"styles_listItem__7e0826d8\"><span class=\"styles_box__54ba70e3 styles_text__5c7a80ef styles_body__5c7a80ef\" data-testid=\"ds-box\">Funda anti-huella con protecci\u00f3n TPU a prueba de golpes<\/span><\/li>\n<li class=\"styles_listItem__7e0826d8\"><span class=\"styles_box__54ba70e3 styles_text__5c7a80ef styles_body__5c7a80ef\" data-testid=\"ds-box\">Los colores est\u00e1n imprimidos directamente sobre la superficie esmerilada<\/span><\/li>\n<li class=\"styles_listItem__7e0826d8\"><span class=\"styles_box__54ba70e3 styles_text__5c7a80ef styles_body__5c7a80ef\" data-testid=\"ds-box\">El dise\u00f1o est\u00e1 impreso en la parte de atr\u00e1s mientras que los bordes quedan semitransparentes y permiten acceso a todos los puertos<\/span><\/li>\n<li class=\"styles_listItem__7e0826d8\"><span class=\"styles_box__54ba70e3 styles_text__5c7a80ef styles_body__5c7a80ef\" data-testid=\"ds-box\">Compatibles con el sistema de carga inal\u00e1mbrica Qi est\u00e1ndar<\/span><\/li>\n<li class=\"styles_listItem__7e0826d8\"><span class=\"styles_box__54ba70e3 styles_text__5c7a80ef styles_body__5c7a80ef\" data-testid=\"ds-box\">Las fundas para iPhone 13\/14\/15\/16 son compatibles con MagSafe cuando se colocan en posici\u00f3n horizontal sobre el cargador. La funda no contiene ning\u00fan im\u00e1n.<\/span><\/li>\n<li class=\"styles_listItem__7e0826d8\"><span class=\"styles_box__54ba70e3 styles_text__5c7a80ef styles_body__5c7a80ef\" data-testid=\"ds-box\">Las fundas para iPhone SE (2020) \/ iPhone 8 tambi\u00e9n son aptas para iPhone SE (2022)<\/span><\/li>\n<li class=\"styles_listItem__7e0826d8\"><span class=\"styles_box__54ba70e3 styles_text__5c7a80ef styles_body__5c7a80ef\" data-testid=\"ds-box\">Peso: 26 g<\/span><\/li>\n<li class=\"styles_listItem__7e0826d8\"><span class=\"styles_box__54ba70e3 styles_text__5c7a80ef styles_body__5c7a80ef\" data-testid=\"ds-box\">Grosor: 1.6 mm (1\/16 pulgadas)<\/span><\/li>\n<li class=\"styles_listItem__7e0826d8\"><span class=\"styles_box__54ba70e3 styles_text__5c7a80ef styles_body__5c7a80ef\" data-testid=\"ds-box\">Dado que cada producto est\u00e1 hecho solo para ti por imprentas independientes locales, es posible que haya ligeras variaciones en el producto recibido.<\/span><\/li>\n<\/ul>\n<p>&nbsp;<\/p>\n<h3><strong>Modelos:<\/strong><\/h3>\n<p>Hay para un mont\u00f3n de modelos, en Redbubble podr\u00e1s buscarlo.<\/p>\n<p>&#8212;&#8212;&#8212;&#8212;&#8212;&#8212;&#8212;&#8212;&#8212;&#8212;&#8212;&#8212;&#8212;&#8212;&#8212;&#8212;&#8212;&#8212;&#8212;&#8212;&#8212;&#8212;&#8212;&#8212;&#8212;&#8212;&#8212;&#8212;&#8212;&#8212;&#8212;&#8212;&#8212;&#8212;&#8212;&#8212;&#8212;&#8212;&#8212;&#8212;&#8212;&#8212;&#8212;&#8212;&#8212;&#8212;&#8212;&#8212;&#8212;&#8211;<\/p>\n<p>****<strong>El resto de detalles<\/strong> podr\u00e1s encontrarlos en la plataforma de <strong>Redbubble<\/strong>. Solo clica el bot\u00f3n y te lleva directamente.<\/p>\n<p>&nbsp;<\/p>\n","protected":false},"featured_media":24418,"comment_status":"open","ping_status":"closed","template":"","meta":[],"product_brand":[],"product_cat":[158,26,45,34],"product_tag":[],"class_list":{"0":"post-24417","1":"product","2":"type-product","3":"status-publish","4":"has-post-thumbnail","6":"product_cat-democracia-formal-letras-blancas","7":"product_cat-disenos_srsnake","8":"product_cat-funda-iphone-blanda","9":"product_cat-redbubble","11":"first","12":"instock","13":"shipping-taxable","14":"product-type-external"},"aioseo_notices":[],"jetpack_sharing_enabled":true,"_links":{"self":[{"href":"https:\/\/nomarcasestilo.com\/index.php?rest_route=\/wp\/v2\/product\/24417","targetHints":{"allow":["GET"]}}],"collection":[{"href":"https:\/\/nomarcasestilo.com\/index.php?rest_route=\/wp\/v2\/product"}],"about":[{"href":"https:\/\/nomarcasestilo.com\/index.php?rest_route=\/wp\/v2\/types\/product"}],"replies":[{"embeddable":true,"href":"https:\/\/nomarcasestilo.com\/index.php?rest_route=%2Fwp%2Fv2%2Fcomments&post=24417"}],"wp:featuredmedia":[{"embeddable":true,"href":"https:\/\/nomarcasestilo.com\/index.php?rest_route=\/wp\/v2\/media\/24418"}],"wp:attachment":[{"href":"https:\/\/nomarcasestilo.com\/index.php?rest_route=%2Fwp%2Fv2%2Fmedia&parent=24417"}],"wp:term":[{"taxonomy":"product_brand","embeddable":true,"href":"https:\/\/nomarcasestilo.com\/index.php?rest_route=%2Fwp%2Fv2%2Fproduct_brand&post=24417"},{"taxonomy":"product_cat","embeddable":true,"href":"https:\/\/nomarcasestilo.com\/index.php?rest_route=%2Fwp%2Fv2%2Fproduct_cat&post=24417"},{"taxonomy":"product_tag","embeddable":true,"href":"https:\/\/nomarcasestilo.com\/index.php?rest_route=%2Fwp%2Fv2%2Fproduct_tag&post=24417"}],"curies":[{"name":"wp","href":"https:\/\/api.w.org\/{rel}","templated":true}]}}