{"id":24273,"date":"2025-09-19T17:48:26","date_gmt":"2025-09-19T17:48:26","guid":{"rendered":"https:\/\/nomarcasestilo.com\/?post_type=product&#038;p=24273"},"modified":"2025-11-19T15:49:27","modified_gmt":"2025-11-19T15:49:27","slug":"lamina-artistica-ultraconservador","status":"publish","type":"product","link":"https:\/\/nomarcasestilo.com\/?product=lamina-artistica-ultraconservador","title":{"rendered":"L\u00e1mina art\u00edstica | Ultraconservador"},"content":{"rendered":"","protected":false},"excerpt":{"rendered":"<p>***Ese es el\u00a0 peque\u00f1o<\/p>\n<p>&nbsp;<\/p>\n<p>Hay 3 tama\u00f1os m\u00e1s.<\/p>\n<p>&nbsp;<\/p>\n<p>***A veces est\u00e1 en oferta.<\/p>\n<h3 class=\"styles_box__54ba70e3 styles_text__5c7a80ef styles_display3__5c7a80ef styles_displayBlock__54ba70e3\" data-testid=\"ds-box\">Caracter\u00edsticas del producto<\/h3>\n<p>&nbsp;<\/p>\n<ul class=\"styles_list__7e0826d8 styles_bulleted__7e0826d8\">\n<li class=\"styles_listItem__7e0826d8\"><span class=\"styles_box__54ba70e3 styles_text__5c7a80ef styles_body__5c7a80ef\" data-testid=\"ds-box\">L\u00e1minas impresas en papel de alta calidad<\/span><\/li>\n<li class=\"styles_listItem__7e0826d8\"><span class=\"styles_box__54ba70e3 styles_text__5c7a80ef styles_body__5c7a80ef\" data-testid=\"ds-box\">Papel ligeramente texturizado 100\u00a0% algod\u00f3n<\/span><\/li>\n<li class=\"styles_listItem__7e0826d8\"><span class=\"styles_box__54ba70e3 styles_text__5c7a80ef styles_body__5c7a80ef\" data-testid=\"ds-box\">Tama\u00f1os personalizados dependiendo de las dimensiones de la obra. Mira la gu\u00eda de tama\u00f1os si quieres enmarcar t\u00fa.<\/span><\/li>\n<li class=\"styles_listItem__7e0826d8\"><span class=\"styles_box__54ba70e3 styles_text__5c7a80ef styles_body__5c7a80ef\" data-testid=\"ds-box\">Incluye un margen blanco de 5\u00a0mm para que el marco quede perfecto<\/span><\/li>\n<li class=\"styles_listItem__7e0826d8\"><span class=\"styles_box__54ba70e3 styles_text__5c7a80ef styles_body__5c7a80ef\" data-testid=\"ds-box\">Se env\u00edan en un embalaje protector.<\/span><\/li>\n<li class=\"styles_listItem__7e0826d8\"><span class=\"styles_box__54ba70e3 styles_text__5c7a80ef styles_body__5c7a80ef\" data-testid=\"ds-box\">Dado que cada producto est\u00e1 hecho solo para ti por imprentas independientes locales, es posible que haya ligeras variaciones en el producto recibido.<\/span><\/li>\n<\/ul>\n<p>****<strong>El resto de detalles<\/strong> podr\u00e1s encontrarlos en la plataforma de <strong>Redbubble<\/strong>. Solo clica el bot\u00f3n y te lleva directamente.<\/p>\n<p>&nbsp;<\/p>\n","protected":false},"featured_media":24274,"comment_status":"open","ping_status":"closed","template":"","meta":[],"product_brand":[],"product_cat":[259,26,34,157],"product_tag":[],"class_list":{"0":"post-24273","1":"product","2":"type-product","3":"status-publish","4":"has-post-thumbnail","6":"product_cat-artisticas","7":"product_cat-disenos_srsnake","8":"product_cat-redbubble","9":"product_cat-ultraconservador","11":"first","12":"instock","13":"shipping-taxable","14":"product-type-external"},"aioseo_notices":[],"jetpack_sharing_enabled":true,"_links":{"self":[{"href":"https:\/\/nomarcasestilo.com\/index.php?rest_route=\/wp\/v2\/product\/24273","targetHints":{"allow":["GET"]}}],"collection":[{"href":"https:\/\/nomarcasestilo.com\/index.php?rest_route=\/wp\/v2\/product"}],"about":[{"href":"https:\/\/nomarcasestilo.com\/index.php?rest_route=\/wp\/v2\/types\/product"}],"replies":[{"embeddable":true,"href":"https:\/\/nomarcasestilo.com\/index.php?rest_route=%2Fwp%2Fv2%2Fcomments&post=24273"}],"wp:featuredmedia":[{"embeddable":true,"href":"https:\/\/nomarcasestilo.com\/index.php?rest_route=\/wp\/v2\/media\/24274"}],"wp:attachment":[{"href":"https:\/\/nomarcasestilo.com\/index.php?rest_route=%2Fwp%2Fv2%2Fmedia&parent=24273"}],"wp:term":[{"taxonomy":"product_brand","embeddable":true,"href":"https:\/\/nomarcasestilo.com\/index.php?rest_route=%2Fwp%2Fv2%2Fproduct_brand&post=24273"},{"taxonomy":"product_cat","embeddable":true,"href":"https:\/\/nomarcasestilo.com\/index.php?rest_route=%2Fwp%2Fv2%2Fproduct_cat&post=24273"},{"taxonomy":"product_tag","embeddable":true,"href":"https:\/\/nomarcasestilo.com\/index.php?rest_route=%2Fwp%2Fv2%2Fproduct_tag&post=24273"}],"curies":[{"name":"wp","href":"https:\/\/api.w.org\/{rel}","templated":true}]}}