{"id":11431,"date":"2025-05-08T16:19:13","date_gmt":"2025-05-08T16:19:13","guid":{"rendered":"https:\/\/nomarcasestilo.com\/?post_type=product&#038;p=11431"},"modified":"2025-11-20T10:18:35","modified_gmt":"2025-11-20T10:18:35","slug":"poster-and-art-prints-lagrimas-progres","status":"publish","type":"product","link":"https:\/\/nomarcasestilo.com\/?product=poster-and-art-prints-lagrimas-progres","title":{"rendered":"Poster and Art Prints | L\u00e1grimas progres"},"content":{"rendered":"<p>&nbsp;<\/p>\n<p>&nbsp;<\/p>\n","protected":false},"excerpt":{"rendered":"<p>***A veces est\u00e1 en oferta.<\/p>\n<p>Tenemos 2 estilos:<\/p>\n<ul>\n<li>\u00a0Poster\n<ul>\n<li style=\"list-style-type: none;\">\n<ul>\n<li>Mini<\/li>\n<li>Small<\/li>\n<li>Medium<\/li>\n<\/ul>\n<\/li>\n<\/ul>\n<\/li>\n<\/ul>\n<p>&nbsp;<\/p>\n<ul>\n<li>Art Prints\n<ul>\n<li>Mini<\/li>\n<li>Small<\/li>\n<li>Medium<\/li>\n<li>Large<\/li>\n<\/ul>\n<\/li>\n<\/ul>\n<p>&nbsp;<\/p>\n<ul>\n<li>Precio var\u00eda seg\u00fan tama\u00f1o.<\/li>\n<\/ul>\n<p>****<strong>El resto de detalles<\/strong> podr\u00e1s encontrarlos en la plataforma de Teepublic. Solo clica el bot\u00f3n y te lleva directamente.<\/p>\n","protected":false},"featured_media":27052,"comment_status":"open","ping_status":"closed","template":"","meta":[],"product_brand":[],"product_cat":[26,154,142,35],"product_tag":[],"class_list":{"0":"post-11431","1":"product","2":"type-product","3":"status-publish","4":"has-post-thumbnail","6":"product_cat-disenos_srsnake","7":"product_cat-lagrimas-progres","8":"product_cat-posters","9":"product_cat-teepublic","11":"first","12":"instock","13":"shipping-taxable","14":"product-type-external"},"aioseo_notices":[],"jetpack_sharing_enabled":true,"_links":{"self":[{"href":"https:\/\/nomarcasestilo.com\/index.php?rest_route=\/wp\/v2\/product\/11431","targetHints":{"allow":["GET"]}}],"collection":[{"href":"https:\/\/nomarcasestilo.com\/index.php?rest_route=\/wp\/v2\/product"}],"about":[{"href":"https:\/\/nomarcasestilo.com\/index.php?rest_route=\/wp\/v2\/types\/product"}],"replies":[{"embeddable":true,"href":"https:\/\/nomarcasestilo.com\/index.php?rest_route=%2Fwp%2Fv2%2Fcomments&post=11431"}],"wp:featuredmedia":[{"embeddable":true,"href":"https:\/\/nomarcasestilo.com\/index.php?rest_route=\/wp\/v2\/media\/27052"}],"wp:attachment":[{"href":"https:\/\/nomarcasestilo.com\/index.php?rest_route=%2Fwp%2Fv2%2Fmedia&parent=11431"}],"wp:term":[{"taxonomy":"product_brand","embeddable":true,"href":"https:\/\/nomarcasestilo.com\/index.php?rest_route=%2Fwp%2Fv2%2Fproduct_brand&post=11431"},{"taxonomy":"product_cat","embeddable":true,"href":"https:\/\/nomarcasestilo.com\/index.php?rest_route=%2Fwp%2Fv2%2Fproduct_cat&post=11431"},{"taxonomy":"product_tag","embeddable":true,"href":"https:\/\/nomarcasestilo.com\/index.php?rest_route=%2Fwp%2Fv2%2Fproduct_tag&post=11431"}],"curies":[{"name":"wp","href":"https:\/\/api.w.org\/{rel}","templated":true}]}}