{"id":10989,"date":"2025-05-06T10:20:11","date_gmt":"2025-05-06T10:20:11","guid":{"rendered":"https:\/\/nomarcasestilo.com\/?post_type=product&#038;p=10989"},"modified":"2025-11-20T10:50:51","modified_gmt":"2025-11-20T10:50:51","slug":"poster-and-art-prints-soy-un-helicoptero-apache","status":"publish","type":"product","link":"https:\/\/nomarcasestilo.com\/?product=poster-and-art-prints-soy-un-helicoptero-apache","title":{"rendered":"Poster and Art Prints | Soy un helic\u00f3ptero apache"},"content":{"rendered":"<p>&nbsp;<\/p>\n<p>&nbsp;<\/p>\n","protected":false},"excerpt":{"rendered":"<p>***A veces est\u00e1 en oferta.<\/p>\n<p>Tenemos 2 estilos:<\/p>\n<ul>\n<li>\u00a0Poster\n<ul>\n<li style=\"list-style-type: none;\">\n<ul>\n<li>Mini<\/li>\n<li>Small<\/li>\n<li>Medium<\/li>\n<\/ul>\n<\/li>\n<\/ul>\n<\/li>\n<\/ul>\n<p>&nbsp;<\/p>\n<ul>\n<li>Art Prints\n<ul>\n<li>Mini<\/li>\n<li>Small<\/li>\n<li>Medium<\/li>\n<li>Large<\/li>\n<\/ul>\n<\/li>\n<\/ul>\n<p>&nbsp;<\/p>\n<ul>\n<li>Precio var\u00eda seg\u00fan tama\u00f1o.<\/li>\n<\/ul>\n<p>****<strong>El resto de detalles<\/strong> podr\u00e1s encontrarlos en la plataforma de Teepublic. Solo clica el bot\u00f3n y te lleva directamente.<\/p>\n","protected":false},"featured_media":29535,"comment_status":"open","ping_status":"closed","template":"","meta":[],"product_brand":[],"product_cat":[26,142,151,35],"product_tag":[],"class_list":{"0":"post-10989","1":"product","2":"type-product","3":"status-publish","4":"has-post-thumbnail","6":"product_cat-disenos_srsnake","7":"product_cat-posters","8":"product_cat-soy-un-helicoptero-apache","9":"product_cat-teepublic","11":"first","12":"instock","13":"shipping-taxable","14":"product-type-external"},"aioseo_notices":[],"jetpack_sharing_enabled":true,"_links":{"self":[{"href":"https:\/\/nomarcasestilo.com\/index.php?rest_route=\/wp\/v2\/product\/10989","targetHints":{"allow":["GET"]}}],"collection":[{"href":"https:\/\/nomarcasestilo.com\/index.php?rest_route=\/wp\/v2\/product"}],"about":[{"href":"https:\/\/nomarcasestilo.com\/index.php?rest_route=\/wp\/v2\/types\/product"}],"replies":[{"embeddable":true,"href":"https:\/\/nomarcasestilo.com\/index.php?rest_route=%2Fwp%2Fv2%2Fcomments&post=10989"}],"wp:featuredmedia":[{"embeddable":true,"href":"https:\/\/nomarcasestilo.com\/index.php?rest_route=\/wp\/v2\/media\/29535"}],"wp:attachment":[{"href":"https:\/\/nomarcasestilo.com\/index.php?rest_route=%2Fwp%2Fv2%2Fmedia&parent=10989"}],"wp:term":[{"taxonomy":"product_brand","embeddable":true,"href":"https:\/\/nomarcasestilo.com\/index.php?rest_route=%2Fwp%2Fv2%2Fproduct_brand&post=10989"},{"taxonomy":"product_cat","embeddable":true,"href":"https:\/\/nomarcasestilo.com\/index.php?rest_route=%2Fwp%2Fv2%2Fproduct_cat&post=10989"},{"taxonomy":"product_tag","embeddable":true,"href":"https:\/\/nomarcasestilo.com\/index.php?rest_route=%2Fwp%2Fv2%2Fproduct_tag&post=10989"}],"curies":[{"name":"wp","href":"https:\/\/api.w.org\/{rel}","templated":true}]}}