{"id":29780,"date":"2025-11-28T10:26:12","date_gmt":"2025-11-28T10:26:12","guid":{"rendered":"https:\/\/nomarcasestilo.com\/?page_id=29780"},"modified":"2025-12-01T12:34:13","modified_gmt":"2025-12-01T12:34:13","slug":"preguntas-frecuentes-2","status":"publish","type":"page","link":"https:\/\/nomarcasestilo.com\/?page_id=29780","title":{"rendered":"Preguntas frecuentes"},"content":{"rendered":"\n\t<div id=\"gap-137755059\" class=\"gap-element clearfix\" style=\"display:block; height:auto;\">\n\t\t\n<style>\n#gap-137755059 {\n  padding-top: 100px;\n}\n<\/style>\n\t<\/div>\n\t\n\n<div class=\"container section-title-container\" ><h3 class=\"section-title section-title-center\"><b aria-hidden=\"true\"><\/b><span class=\"section-title-main\" >PREGUNTAS FRECUENTES (F.A.Q.)<\/span><b aria-hidden=\"true\"><\/b><\/h3><\/div>\n\n\t<div id=\"gap-1227274597\" class=\"gap-element clearfix\" style=\"display:block; height:auto;\">\n\t\t\n<style>\n#gap-1227274597 {\n  padding-top: 70px;\n}\n<\/style>\n\t<\/div>\n\t\n\n<div class=\"container section-title-container\" ><h4 class=\"section-title section-title-bold\"><b aria-hidden=\"true\"><\/b><span class=\"section-title-main\" >ENVIO<\/span><b aria-hidden=\"true\"><\/b><\/h4><\/div>\n\n<div class=\"container section-title-container\" ><h4 class=\"section-title section-title-bold\"><b aria-hidden=\"true\"><\/b><span class=\"section-title-main\" >INCIDENCIAS<\/span><b aria-hidden=\"true\"><\/b><\/h4><\/div>\n\n<div class=\"container section-title-container\" ><h4 class=\"section-title section-title-bold\"><b aria-hidden=\"true\"><\/b><span class=\"section-title-main\" >PRODUCTO<\/span><b aria-hidden=\"true\"><\/b><\/h4><\/div>\n\n<div class=\"container section-title-container\" ><h4 class=\"section-title section-title-bold\"><b aria-hidden=\"true\"><\/b><span class=\"section-title-main\" >PROYECTO<\/span><b aria-hidden=\"true\"><\/b><\/h4><\/div>\n\n<div class=\"container section-title-container\" ><h4 class=\"section-title section-title-bold\"><b aria-hidden=\"true\"><\/b><span class=\"section-title-main\" >PROCESO DE COMPRA<\/span><b aria-hidden=\"true\"><\/b><\/h4><\/div>\n\n\t<div id=\"gap-13032172\" class=\"gap-element clearfix\" style=\"display:block; height:auto;\">\n\t\t\n<style>\n#gap-13032172 {\n  padding-top: 100px;\n}\n<\/style>\n\t<\/div>\n\t\n\n<div class=\"container section-title-container\" ><h4 class=\"section-title section-title-center\"><b aria-hidden=\"true\"><\/b><span class=\"section-title-main\" >ENVIO, INCIDENCIAS Y DEM\u00c1S<\/span><b aria-hidden=\"true\"><\/b><\/h4><\/div>\n\n\n\t<section class=\"section dark\" id=\"section_806247364\">\n\t\t<div class=\"section-bg fill\" >\n\t\t\t\t\t\t\t\t\t\n\t\t\t\n\n\t\t<\/div>\n\n\t\t\n\n\t\t<div class=\"section-content relative\">\n\t\t\t\n\n\t<div id=\"text-2242787611\" class=\"text\">\n\t\t\n\n<p style=\"text-align: left;\">Debido a que son tres plataformas\/tiendas, cada una de ellas tiene sus pol\u00edticas de env\u00edo, devoluciones, etc.\u00a0 es mejor que puedas ver todo en cada una de ellas. Y as\u00ed verlo por su cuenta con sus detalles.\u00a0<\/p>\n\t\t\n<style>\n#text-2242787611 {\n  text-align: left;\n  color: rgb(0,0,0);\n}\n#text-2242787611 > * {\n  color: rgb(0,0,0);\n}\n<\/style>\n\t<\/div>\n\t\n\n\t\t<\/div>\n\n\t\t\n<style>\n#section_806247364 {\n  padding-top: 30px;\n  padding-bottom: 30px;\n  background-color: rgb(255, 255, 255);\n}\n<\/style>\n\t<\/section>\n\t\n\t<div id=\"gap-1987316577\" class=\"gap-element clearfix\" style=\"display:block; height:auto;\">\n\t\t\n<style>\n#gap-1987316577 {\n  padding-top: 50px;\n}\n<\/style>\n\t<\/div>\n\t\n\n\t<div class=\"ux-menu stack stack-col justify-start ux-menu--divider-solid\">\n\t\t\n\n\t<div class=\"ux-menu-link flex menu-item\">\n\t\t<a class=\"ux-menu-link__link flex\" href=\"https:\/\/service.spreadshirt.com\/hc\/es\" >\n\t\t\t\t\t\t<span class=\"ux-menu-link__text\">\n\t\t\t\tSpreadshop\t\t\t<\/span>\n\t\t<\/a>\n\t<\/div>\n\t\n\n\t<div class=\"ux-menu-link flex menu-item\">\n\t\t<a class=\"ux-menu-link__link flex\" href=\"https:\/\/help.redbubble.com\/hc\/es\/categories\/200121739-Explorar-y-comprar\" >\n\t\t\t\t\t\t<span class=\"ux-menu-link__text\">\n\t\t\t\tRedbubble\t\t\t<\/span>\n\t\t<\/a>\n\t<\/div>\n\t\n\n\t<div class=\"ux-menu-link flex menu-item\">\n\t\t<a class=\"ux-menu-link__link flex\" href=\"https:\/\/teepublic.zendesk.com\/hc\/en-us\/categories\/115001608868-Customers\" >\n\t\t\t\t\t\t<span class=\"ux-menu-link__text\">\n\t\t\t\tTeepublic\t\t\t<\/span>\n\t\t<\/a>\n\t<\/div>\n\t\n\n\n\t<\/div>\n\t\n\t<div id=\"gap-1421451509\" class=\"gap-element clearfix\" style=\"display:block; height:auto;\">\n\t\t\n<style>\n#gap-1421451509 {\n  padding-top: 100px;\n}\n<\/style>\n\t<\/div>\n\t\n\n<div class=\"container section-title-container\" ><h4 class=\"section-title section-title-center\"><b aria-hidden=\"true\"><\/b><span class=\"section-title-main\" >PRODUCTO<\/span><b aria-hidden=\"true\"><\/b><\/h4><\/div>\n\n\n\t<section class=\"section dark\" id=\"section_504197770\">\n\t\t<div class=\"section-bg fill\" >\n\t\t\t\t\t\t\t\t\t\n\t\t\t\n\n\t\t<\/div>\n\n\t\t\n\n\t\t<div class=\"section-content relative\">\n\t\t\t\n\n\t<div id=\"text-3744809661\" class=\"text\">\n\t\t\n\n<p style=\"text-align: left;\">Los dise\u00f1os de los productos que se venden en est\u00e1 web, est\u00e1n dise\u00f1ados por m\u00ed.<\/p>\n<p style=\"text-align: left;\">Cada tienda tiene sus productos, realizados y puestos por mi.\u00a0<\/p>\n<p>Cada tienda fabrica, imprime y env\u00eda, los productos con mis dise\u00f1os. Y yo, me llevo las comisiones de la venta en proporci\u00f3n a lo que aporto.<\/p>\n\t\t\n<style>\n#text-3744809661 {\n  text-align: left;\n  color: rgb(0,0,0);\n}\n#text-3744809661 > * {\n  color: rgb(0,0,0);\n}\n<\/style>\n\t<\/div>\n\t\n\n\t\t<\/div>\n\n\t\t\n<style>\n#section_504197770 {\n  padding-top: 30px;\n  padding-bottom: 30px;\n  background-color: rgb(255, 255, 255);\n}\n<\/style>\n\t<\/section>\n\t\n\t<div id=\"gap-63581511\" class=\"gap-element clearfix\" style=\"display:block; height:auto;\">\n\t\t\n<style>\n#gap-63581511 {\n  padding-top: 100px;\n}\n<\/style>\n\t<\/div>\n\t\n\n<div class=\"container section-title-container\" ><h4 class=\"section-title section-title-center\"><b aria-hidden=\"true\"><\/b><span class=\"section-title-main\" >PROYECTO<\/span><b aria-hidden=\"true\"><\/b><\/h4><\/div>\n\n\n\t<section class=\"section\" id=\"section_1346691385\">\n\t\t<div class=\"section-bg fill\" >\n\t\t\t\t\t\t\t\t\t\n\t\t\t\n\n\t\t<\/div>\n\n\t\t\n\n\t\t<div class=\"section-content relative\">\n\t\t\t\n\n\t<div id=\"text-2246070160\" class=\"text\">\n\t\t\n\n<p style=\"text-align: left;\">NOMARCASESTILO, es un proyecto de dise\u00f1os de camisetas y otros productos.\u00a0<\/p>\n<p>Nomarcasestilo es una marca de marcas. \u00bfQu\u00e9 quiere decir esto? Qu\u00e9 es una marca que se ramifica en otras marcas de distintos estilos de dise\u00f1o. Por ejemplo, SrSnake.\u00a0<\/p>\n<p>\u00a0<\/p>\n<p>Nomarcas_SrSnake es una submarca que forma parte de Nomarcasestilo. En este caso, se trata de pol\u00edtica con humor reivindicativo, tirando al corte ideol\u00f3gico de la derecha. Aunque aqu\u00ed habr\u00e1n dise\u00f1os que les puedan gustar a todo tipo, y tambi\u00e9n se puedan incluir otros dise\u00f1os que son pol\u00edticos, pero no ideol\u00f3gicos, como en el caso de Democracia formal. Que es perfectamente compatible con ser de derechas.\u00a0\u00a0<\/p>\n<p>\u00a0<\/p>\n<p>De momento, solo tenemos estos dise\u00f1os, aunque en un futuro, a\u00f1adiremos otras submarcas, que no tengan que ver con pol\u00edtica.\u00a0<\/p>\n\t\t\n<style>\n#text-2246070160 {\n  text-align: left;\n  color: rgb(0, 0, 0);\n}\n#text-2246070160 > * {\n  color: rgb(0, 0, 0);\n}\n<\/style>\n\t<\/div>\n\t\n\n\t\t<\/div>\n\n\t\t\n<style>\n#section_1346691385 {\n  padding-top: 30px;\n  padding-bottom: 30px;\n  background-color: rgb(255,255,255);\n}\n<\/style>\n\t<\/section>\n\t\n\t<div id=\"gap-436926691\" class=\"gap-element clearfix\" style=\"display:block; height:auto;\">\n\t\t\n<style>\n#gap-436926691 {\n  padding-top: 100px;\n}\n<\/style>\n\t<\/div>\n\t\n\n<div class=\"container section-title-container\" ><h4 class=\"section-title section-title-center\"><b aria-hidden=\"true\"><\/b><span class=\"section-title-main\" >PROCESO DE COMPRA<\/span><b aria-hidden=\"true\"><\/b><\/h4><\/div>\n\n\n\t<section class=\"section\" id=\"section_1075271836\">\n\t\t<div class=\"section-bg fill\" >\n\t\t\t\t\t\t\t\t\t\n\t\t\t\n\n\t\t<\/div>\n\n\t\t\n\n\t\t<div class=\"section-content relative\">\n\t\t\t\n\n\t<div id=\"text-265314487\" class=\"text\">\n\t\t\n\n<p style=\"text-align: left;\">El proceso de compra depende de cada plataforma\/tienda. Por eso, arriba, donde pone: ENVIOS, INCIDENCIAS Y DEM\u00c1S, tienes los links que te llevan a las p\u00e1ginas donde podr\u00e1s responder est\u00e1 cuesti\u00f3n.<\/p>\n\t\t\n<style>\n#text-265314487 {\n  text-align: left;\n  color: rgb(0,0,0);\n}\n#text-265314487 > * {\n  color: rgb(0,0,0);\n}\n<\/style>\n\t<\/div>\n\t\n\n\t\t<\/div>\n\n\t\t\n<style>\n#section_1075271836 {\n  padding-top: 30px;\n  padding-bottom: 30px;\n  background-color: rgb(255,255,255);\n}\n<\/style>\n\t<\/section>\n\t\n\t<div id=\"text-994926653\" class=\"text\">\n\t\t\n\n\n\t\t\n<style>\n#text-994926653 {\n  text-align: left;\n}\n<\/style>\n\t<\/div>\n\t\n\n","protected":false},"excerpt":{"rendered":"","protected":false},"author":1,"featured_media":0,"parent":0,"menu_order":0,"comment_status":"closed","ping_status":"closed","template":"","meta":{"footnotes":""},"class_list":["post-29780","page","type-page","status-publish","hentry"],"aioseo_notices":[],"jetpack_sharing_enabled":true,"_links":{"self":[{"href":"https:\/\/nomarcasestilo.com\/index.php?rest_route=\/wp\/v2\/pages\/29780","targetHints":{"allow":["GET"]}}],"collection":[{"href":"https:\/\/nomarcasestilo.com\/index.php?rest_route=\/wp\/v2\/pages"}],"about":[{"href":"https:\/\/nomarcasestilo.com\/index.php?rest_route=\/wp\/v2\/types\/page"}],"author":[{"embeddable":true,"href":"https:\/\/nomarcasestilo.com\/index.php?rest_route=\/wp\/v2\/users\/1"}],"replies":[{"embeddable":true,"href":"https:\/\/nomarcasestilo.com\/index.php?rest_route=%2Fwp%2Fv2%2Fcomments&post=29780"}],"version-history":[{"count":34,"href":"https:\/\/nomarcasestilo.com\/index.php?rest_route=\/wp\/v2\/pages\/29780\/revisions"}],"predecessor-version":[{"id":29816,"href":"https:\/\/nomarcasestilo.com\/index.php?rest_route=\/wp\/v2\/pages\/29780\/revisions\/29816"}],"wp:attachment":[{"href":"https:\/\/nomarcasestilo.com\/index.php?rest_route=%2Fwp%2Fv2%2Fmedia&parent=29780"}],"curies":[{"name":"wp","href":"https:\/\/api.w.org\/{rel}","templated":true}]}}