{"id":29698,"date":"2025-11-25T11:50:50","date_gmt":"2025-11-25T11:50:50","guid":{"rendered":"https:\/\/nomarcasestilo.com\/?page_id=29698"},"modified":"2025-11-26T12:01:02","modified_gmt":"2025-11-26T12:01:02","slug":"aviso-legal","status":"publish","type":"page","link":"https:\/\/nomarcasestilo.com\/?page_id=29698","title":{"rendered":"Aviso legal"},"content":{"rendered":"\n\n\n<div style=\"height:100px\" aria-hidden=\"true\" class=\"wp-block-spacer\"><\/div>\n\n\n\n<h3 class=\"wp-block-heading has-text-align-center has-large-font-size\">AVISO LEGAL<\/h3>\n\n\n\n<div style=\"height:50px\" aria-hidden=\"true\" class=\"wp-block-spacer\"><\/div>\n\n\n\n<p class=\"has-black-color has-white-background-color has-text-color has-background has-link-color has-medium-font-size wp-elements-b68e1b8115033c14b9a17788f23bfef2\">El presente&nbsp;<strong>AVISO LEGAL&nbsp;<\/strong>regula los derechos y obligaciones del rediperoficial.com y de los usuarios, en relaci\u00f3n al acceso, navegaci\u00f3n y utilizaci\u00f3n de la presente web sin perjuicio de que&nbsp;<strong>nomarcasestilo.com&nbsp;<\/strong>se reserve el derecho a modificar, sin previo aviso, su contenido, siendo vigentes las que se encuentren publicadas en el momento de navegaci\u00f3n.<\/p>\n\n\n\n<p class=\"has-primary-color has-white-background-color has-text-color has-background has-link-color has-medium-font-size wp-elements-e5645011aae0a17926a96f995af6c223\">Mediante la navegaci\u00f3n, visualizaci\u00f3n y uso de esta web adquieres la condici\u00f3n de usuario, y por tanto implica por tu parte la&nbsp;<strong>aceptaci\u00f3n expresa de todas las cl\u00e1usulas<\/strong>&nbsp;que indicamos en el presente Aviso Legal, as\u00ed como el resto de advertencias o cl\u00e1usulas espec\u00edficas que se establezcan en las diferentes secciones para la contrataci\u00f3n, uso de servicios, productos, inscripciones, o secciones de la P\u00e1gina.<\/p>\n\n\n\n<p class=\"has-black-color has-white-background-color has-text-color has-background has-link-color has-medium-font-size wp-elements-ab0ce356366589e34eddf6cf5b105f43\">Por lo que en caso de no aceptar las cl\u00e1usulas establecidas en el presente Aviso Legal, deber\u00e1s abstenerte de acceder y\/o utilizar los servicios y\/o contenidos puestos a tu disposici\u00f3n en la P\u00e1gina, procediendo a abandonar la misma.<\/p>\n\n\n\n<p class=\"has-black-color has-white-background-color has-text-color has-background has-link-color has-medium-font-size wp-elements-7599e0ae3b6699df40c738970160fc9a\"><strong>Nomarcasestilo.com&nbsp;<\/strong>podr\u00e1 dar por terminado, suspender o interrumpir, en cualquier momento sin necesidad de previo aviso, el acceso a los contenidos de la p\u00e1gina, sin posibilidad por parte del Usuario de exigir indemnizaci\u00f3n alguna. No obstante, en el caso de cierre de la plataforma, se tratar\u00e1 de devolver todo pago que se haya realizado por suscripciones anuales no completadas.<\/p>\n\n\n\n<div style=\"height:100px\" aria-hidden=\"true\" class=\"wp-block-spacer\"><\/div>\n\n\n\n<p class=\"has-text-align-center has-medium-font-size\">1.&nbsp;<strong>INFORMACI\u00d3N PERSONAL Y FISCAL DEL RESPONSABLE DE LA WEB<\/strong><\/p>\n\n\n\n<p class=\"has-text-align-center has-black-color has-white-background-color has-text-color has-background has-link-color has-medium-font-size wp-elements-5d319f691ca83879933b252d8aa2acd8\">Esta web<strong>&nbsp;nomarcasestilo.com<\/strong>, pertenece a&nbsp;<strong>Juan Antonio Alarc\u00f3n G\u00f3mez<\/strong>, cuyo Documento de Identificaci\u00f3n es el n\u00famero 77152059-P.<\/p>\n\n\n\n<p class=\"has-text-align-center has-black-color has-white-background-color has-text-color has-background has-link-color has-medium-font-size wp-elements-d2b56d53158b8554544463add1270a01\"><strong>Domicilio fiscal del responsable de la web<\/strong>: Calle M\u00e9ndez N\u00fa\u00f1ez 17, Almer\u00eda, 04001, Almer\u00eda.<\/p>\n\n\n\n<p class=\"has-text-align-center has-black-color has-white-background-color has-text-color has-background has-link-color has-medium-font-size wp-elements-64a530bc0f99509bc1f937ced4efb8f5\"><strong>Contacto:<\/strong>&nbsp;<a href=\"mailto:rediperoficial@gmail.com\">nomarcasestilo2018@gmail.com<\/a><\/p>\n\n\n\n<div style=\"height:100px\" aria-hidden=\"true\" class=\"wp-block-spacer\"><\/div>\n\n\n\n<hr class=\"wp-block-separator has-alpha-channel-opacity\"\/>\n\n\n\n<div style=\"height:100px\" aria-hidden=\"true\" class=\"wp-block-spacer\"><\/div>\n\n\n\n<p class=\"has-text-align-center has-medium-font-size\"><strong>MARCA REGISTRADA<\/strong><\/p>\n\n\n\n<p class=\"has-text-align-center has-medium-font-size\"><strong>\u00bfQu\u00e9 es una marca registrada?<\/strong><\/p>\n\n\n\n<p class=\"has-black-color has-white-background-color has-text-color has-background has-link-color has-medium-font-size wp-elements-d3153ff2bc627748206556f362a14fd6\">Una marca registrada es una palabra, s\u00edmbolo, dise\u00f1o o combinaci\u00f3n de lo anterior (como un logotipo o nombre de la marca) que una empresa utiliza para identificar sus productos o servicios y para distinguirlos de los productos y servicios de otras empresas. Es decir, una marca registrada indica el origen de los productos o servicios. Por lo general, la legislaci\u00f3n de las marcas registradas existe para impedir confundir al cliente sobre el origen de los productos o servicios.<\/p>\n\n\n\n<p class=\"has-black-color has-white-background-color has-text-color has-background has-link-color has-medium-font-size wp-elements-ce81824016a9f22ab8840f8954a441a7\">El registro de la marca&nbsp;<strong>NOMARCASESTILO<\/strong>&nbsp;se encuentra en proceso de tr\u00e1mite.<\/p>\n\n\n\n<p class=\"has-black-color has-white-background-color has-text-color has-background has-link-color has-medium-font-size wp-elements-fc3ddc59e0715f93546efbc6c10d4b41\">Un titular de marca registrada suele protegerla registr\u00e1ndola en una oficina de marcas registradas espec\u00edfica de un pa\u00eds (por ejemplo,&nbsp;<a href=\"https:\/\/www.dpma.de\/english\/trade_marks\/trade_mark_protection\/index.html\" target=\"_blank\" rel=\"noreferrer noopener\">DPMA<\/a>&nbsp;en Alemania;&nbsp;<a href=\"http:\/\/www.uibm.gov.it\/index.php\/marchi\/registrare-un-marchio-in-italia\" target=\"_blank\" rel=\"noreferrer noopener\">UIBM<\/a>&nbsp;en Italia;&nbsp;<a href=\"https:\/\/www.inpi.fr\/fr\/comprendre-la-propriete-intellectuelle\/la-marque\" target=\"_blank\" rel=\"noreferrer noopener\">INPI<\/a>&nbsp;en Francia;&nbsp;<a href=\"https:\/\/www.oepm.es\/en\/signos_distintivos\/index.html\" target=\"_blank\" rel=\"noreferrer noopener\">OEPM<\/a>&nbsp;en Espa\u00f1a;&nbsp;<a href=\"https:\/\/www.gov.uk\/topic\/intellectual-property\/trade-marks\" target=\"_blank\" rel=\"noreferrer noopener\">UKIPO<\/a>&nbsp;en el Reino Unido) o con una oficina transfronteriza, como la&nbsp;<a href=\"https:\/\/euipo.europa.eu\/ohimportal\/en\/trade-marks\" target=\"_blank\" rel=\"noreferrer noopener\">Oficina de Propiedad Intelectual de la Uni\u00f3n Europea<\/a>&nbsp;y la&nbsp;<a href=\"https:\/\/www.boip.int\/wps\/portal\/site\/home\/!ut\/p\/a1\/fY_NDsIgEISfpkfYVWyt3qgnf2qMF5WLQUVLaoFQqq8vGk9GnctmM192Z0DAFoSRN32RQVsjr89dZPvJupjyoscRy2KI05LP5svFkuUrhA2Iv8iIvQH8IY4wA6EPDb0fG4oUcdBHhmk66LGMsTzDNKbYcXNg-QWEV2fllaedj-GqEFw7TjBB1Wlnqeq8dTKOBG2lG2d9kNdomgSDlydFGunrlmhDQqXIi1bSkM7Est-eVLYNsP24Da6uz2VIdw8uS3ez\/dl5\/d5\/L2dBISEvZ0FBIS9nQSEh\/\" target=\"_blank\" rel=\"noreferrer noopener\">BOIP<\/a>&nbsp;(para la regi\u00f3n de Benelux).&nbsp;La protecci\u00f3n de marcas registradas es territorial por naturaleza. Es decir, el \u00e1mbito de protecci\u00f3n de las marcas registradas est\u00e1 limitado y depende del lugar del registro. Por ejemplo, las marcas registradas nacionales no protegen al titular de la marca registrada en la UE, mientras que las marcas registradas de la UE ofrecen protecci\u00f3n en todos los Estados miembros de la Uni\u00f3n Europea.<\/p>\n\n\n\n<p class=\"has-black-color has-white-background-color has-text-color has-background has-link-color has-medium-font-size wp-elements-6d6f054156e642380d12e5b27a7cdb17\">En algunos casos y pa\u00edses (pero no en el Reino Unido), una persona o empresa puede tener derechos de marca registrada s\u00f3lo en funci\u00f3n del uso de una marca para el comercio, aunque la marca no se haya registrado nunca. Estos derechos se conocen como marcas comerciales sin registrar y entran en vigor s\u00f3lo en condiciones muy limitadas.<\/p>\n\n\n\n<div style=\"height:50px\" aria-hidden=\"true\" class=\"wp-block-spacer\"><\/div>\n\n\n\n<p class=\"has-text-align-center has-medium-font-size\"><strong>\u00bfQu\u00e9 protegen las marcas registradas?<\/strong><\/p>\n\n\n\n<p class=\"has-black-color has-white-background-color has-text-color has-background has-link-color has-medium-font-size wp-elements-7c49f188da60727aa437113914d32044\">Por lo general, la legislaci\u00f3n sobre marcas registradas protege a los vendedores de productos y servicios frente la apropiaci\u00f3n de sus marcas registradas por parte de terceros no autorizados, especialmente en casos de posibles confusiones con el cliente sobre qui\u00e9n proporciona, respalda o est\u00e1 asociado a este tipo de productos o servicios concretos. Un titular de marca registrada puede impedir que otras personas usen una determinada marca (a) para productos o servicios que son id\u00e9nticos a los productos o servicios para los que el titular ha registrado su marca; (b) para productos o servicios parecidos al de la marca registrada si es probable que puedan confundir a los clientes (incluso si la marca utilizada no es id\u00e9ntica y s\u00f3lo es similar); o (c) si la marca del titular tiene reputaci\u00f3n en&nbsp;el territorio pertinente&nbsp;y si el uso de dicha marca o de una marca similar sin causa justificada se aprovecha de manera injusta o perjudicial del car\u00e1cter distintivo o la reputaci\u00f3n de la marca del titular.<\/p>\n\n\n\n<div style=\"height:50px\" aria-hidden=\"true\" class=\"wp-block-spacer\"><\/div>\n\n\n\n<p class=\"has-text-align-center has-medium-font-size\"><strong>PATENTE<\/strong><\/p>\n\n\n\n<p class=\"has-text-align-center has-medium-font-size\"><strong>\u00bfQu\u00e9 es una patente?<\/strong><\/p>\n\n\n\n<p class=\"has-black-color has-white-background-color has-text-color has-background has-link-color has-medium-font-size wp-elements-b210ad6a33551e5d777730c75a6da1d0\">Una patente es una forma de protecci\u00f3n legal para inventos. .&nbsp;Una patente emitida concede a su titular el derecho de impedir que otras personas hagan, usen, ofrezcan para la venta, vendan o importen el invento al pa\u00eds que ha concedido protecci\u00f3n a la patente durante un determinado n\u00famero de a\u00f1os.<\/p>\n\n\n\n<p class=\"has-text-align-center has-medium-font-size\"><strong>\u00bfExisten varios tipos de patentes?<\/strong><\/p>\n\n\n\n<p class=\"has-black-color has-white-background-color has-text-color has-background has-link-color has-medium-font-size wp-elements-727fcbfe1b3b7471eb429d39daac464c\">No hay distintos tipos en la UE ni en el Reino Unido. Sin embargo, otros pa\u00edses distinguen varios tipos de patentes. Por ejemplo, en Estados Unidos existen dos principales tipos de patentes: patentes de utilidad y patentes de dise\u00f1o.<\/p>\n\n\n\n<p class=\"has-text-align-center has-medium-font-size\"><strong>\u00bfCu\u00e1l es la diferencia entre una patente, una marca registrada y los derechos de autor?<\/strong><\/p>\n\n\n\n<p class=\"has-black-color has-white-background-color has-text-color has-background has-link-color has-medium-font-size wp-elements-bb47690866dd550ce9dd8688977d7432\">Una patente es diferente de los derechos de autor porque no protege el contenido expresivo de un trabajo creativo, como un libro o imagen, sino que protege un determinado invento, como un nuevo m\u00e9todo de impresi\u00f3n de libros o un nuevo tipo de c\u00e1mara. Para m\u00e1s informaci\u00f3n sobre patentes, consulta el sitio web de la&nbsp;<a href=\"http:\/\/www.epo.org\/service-support\/faq\/basics.html\" target=\"_blank\" rel=\"noreferrer noopener\"><strong>Oficina Europea de Patentes<\/strong><\/a>&nbsp;(o en el caso del Reino Unido la web de&nbsp;<a href=\"https:\/\/www.gov.uk\/topic\/intellectual-property\/patents\" target=\"_blank\" rel=\"noreferrer noopener\"><strong>UKIPO<\/strong><\/a>) para m\u00e1s informaci\u00f3n sobre patentes.<\/p>\n\n\n\n<div style=\"height:50px\" aria-hidden=\"true\" class=\"wp-block-spacer\"><\/div>\n\n\n\n<p class=\"has-text-align-center has-medium-font-size\"><strong>DISE\u00d1O<\/strong><\/p>\n\n\n\n<p class=\"has-text-align-center has-medium-font-size\"><strong>\u00bfQu\u00e9 es un dise\u00f1o?<\/strong><\/p>\n\n\n\n<p class=\"has-black-color has-white-background-color has-text-color has-background has-link-color has-medium-font-size wp-elements-d0e86e70009dae3ddc55df4b65125f6f\">Un dise\u00f1o es una forma de protecci\u00f3n legal para el aspecto de todo un producto o una parte que se produce, en particular, por sus caracter\u00edsticas de l\u00ednea, contorno, color, forma, estructura de la superficie o material del producto o su decoraci\u00f3n. Cualquier producto industrial o artesanal, incluido el embalaje, s\u00edmbolos gr\u00e1ficos y tipos de letra se pueden considerar productos. Tambi\u00e9n se pueden proteger piezas de productos que se pueden desmontar y volver a ensamblar. El dise\u00f1o es territorial: el titular de un dise\u00f1o suele protegerlo mediante su registro en una oficina espec\u00edfica de un pa\u00eds (por ejemplo,&nbsp;<a href=\"https:\/\/www.dpma.de\/english\/designs\/design_protection\/index.html\" target=\"_blank\" rel=\"noreferrer noopener\"><strong>DPMA<\/strong><\/a>&nbsp;en Alemania;&nbsp;<a href=\"http:\/\/www.uibm.gov.it\/index.php\/brevetti\/archivio-articoli-brevetti\/2007657-design-e-models\" target=\"_blank\" rel=\"noreferrer noopener\"><strong>UIBM<\/strong><\/a>&nbsp;en Italia;&nbsp;<a href=\"https:\/\/www.oepm.es\/en\/disenos_industriales\/\" target=\"_blank\" rel=\"noreferrer noopener\"><strong>OEPM<\/strong><\/a>&nbsp;en Espa\u00f1a;&nbsp;<a href=\"https:\/\/www.gov.uk\/topic\/intellectual-property\/designs\" target=\"_blank\" rel=\"noreferrer noopener\"><strong>UKIPO<\/strong><\/a>&nbsp;en el Reino Unido) o con una oficina transfronteriza, como la&nbsp;<a href=\"https:\/\/euipo.europa.eu\/ohimportal\/en\/designs\" target=\"_blank\" rel=\"noreferrer noopener\"><strong>Oficina de Propiedad intelectual de la Uni\u00f3n Europea<\/strong><\/a>&nbsp;(para obtener un dise\u00f1o comunitario registrado).De acuerdo con la legislaci\u00f3n de la UE y del Reino Unido, se puede registrar un dise\u00f1o, pero tambi\u00e9n se protegen, hasta cierto punto, los dise\u00f1os que no est\u00e1n registrados. Los derechos de los dise\u00f1os no registrados se adquieren autom\u00e1ticamente y sin necesidad de tr\u00e1mites. Los derechos de los dise\u00f1os no registrados en la UE son m\u00e1s limitados en \u00e1mbito y duraci\u00f3n (3 a\u00f1os) que los derechos de los dise\u00f1os registrados en la UE. Los derechos de los dise\u00f1os no registrados en el Reino Unido son distintos de los derechos de dise\u00f1o no registrados en la UE; los derechos de los dise\u00f1os no registrados en el Reino Unido duran un m\u00e1ximo de 15 a\u00f1os desde la fecha en que se registr\u00f3 por primera vez en un documento de dise\u00f1o o (si es anterior) desde el momento en que se inici\u00f3 la fase de dise\u00f1o del art\u00edculo.<\/p>\n\n\n\n<div style=\"height:100px\" aria-hidden=\"true\" class=\"wp-block-spacer\"><\/div>\n\n\n\n<hr class=\"wp-block-separator has-alpha-channel-opacity\"\/>\n\n\n\n<p class=\"has-text-align-center has-medium-font-size\">2.&nbsp;<strong>FORMA DE INGRESOS<\/strong><\/p>\n\n\n\n<p class=\"has-text-align-center has-black-color has-white-background-color has-text-color has-background has-link-color has-medium-font-size wp-elements-42505f96759fa99d439cf9e0995d21d5\">Nomarcasestilo.com obtiene ingresos de m\u00faltiples formas:<\/p>\n\n\n\n<p class=\"has-text-align-center has-medium-font-size\"><strong>Publicidad<\/strong><\/p>\n\n\n\n<p class=\"has-text-align-center has-black-color has-white-background-color has-text-color has-background has-link-color has-medium-font-size wp-elements-b9d90fe62eabc5b9a69d4e4095219d4b\">Nomarcasestilo.com de momento no utiliza anuncios.<\/p>\n\n\n\n<p class=\"has-text-align-center has-medium-font-size\"><strong>Venta de productos<\/strong><\/p>\n\n\n\n<p class=\"has-black-color has-white-background-color has-text-color has-background has-link-color has-medium-font-size wp-elements-3653cd223cfb186ea074de0bf7bd73aa\">Nomarcasestilo.com vende productos como camisetas, gorras, pegatinas, imanes, cosas para el hogar, alfombrillas de rat\u00f3n y de escritorio, botellas y cosas del estilo. <\/p>\n\n\n\n<p class=\"has-black-color has-white-background-color has-text-color has-background has-link-color has-medium-font-size wp-elements-9bea07fca86298e21b5af1fdb094a195\">Estos productos son dise\u00f1ados por <strong>Juan Antonio Alarc\u00f3n G\u00f3mez<\/strong>, y se venden a trav\u00e9s de unas plataformas externas.<\/p>\n\n\n\n<p class=\"has-text-align-center has-medium-font-size\"><strong>Donaciones<\/strong><\/p>\n\n\n\n<p class=\"has-text-align-center has-black-color has-white-background-color has-text-color has-background has-link-color has-medium-font-size wp-elements-773df099338652b2bb9375e82fec4f26\"><strong>Nomarcasestilo<\/strong> recibe donaciones de\u00a0<strong><a href=\"https:\/\/rediperoficial.com\/colabora?v=04c19fa1e772\" target=\"_blank\" rel=\"noreferrer noopener\">PayPal<\/a><\/strong>.<\/p>\n\n\n\n<div style=\"height:100px\" aria-hidden=\"true\" class=\"wp-block-spacer\"><\/div>\n\n\n\n<hr class=\"wp-block-separator has-alpha-channel-opacity\"\/>\n\n\n\n<div style=\"height:100px\" aria-hidden=\"true\" class=\"wp-block-spacer\"><\/div>\n\n\n\n<p class=\"has-text-align-center has-medium-font-size\">3.&nbsp;<strong>CARACTER\u00cdSTICAS DE LOS BIENES Y SERVICIOS<\/strong><\/p>\n\n\n\n<p class=\"has-text-align-center has-medium-font-size\"><strong>NOMARCASESTILO<\/strong><\/p>\n\n\n\n<p class=\"has-black-color has-white-background-color has-text-color has-background has-link-color has-medium-font-size wp-elements-234c0a135d47cdc86be74c87ac3b8301\">Los dise\u00f1os de <strong>NOMARCASESTILO<\/strong>, son un bien ofrecido por\u00a0<strong>Nomarcasestilo<\/strong>\u00a0a trav\u00e9s de la url <em><strong>nomarcasestilo.com<\/strong><\/em>.<\/p>\n\n\n\n<p class=\"has-black-color has-white-background-color has-text-color has-background has-link-color has-medium-font-size wp-elements-4bbc70eeded6f1b3cacfef5bd14566cb\"> Esta web, lo que hace es reunir las tiendas donde se encuentran los dise\u00f1os de varios tipos en una sola. <\/p>\n\n\n\n<p class=\"has-text-align-center has-medium-font-size\"><strong>\u00bfEn qu\u00e9 consiste nomarcasestilo?  <\/strong><\/p>\n\n\n\n<ul class=\"wp-block-list has-black-color has-white-background-color has-text-color has-background has-link-color wp-elements-e8d9898f8774ac6d2c225d6e997e762d\">\n<li class=\"has-medium-font-size\"> Consiste en una marca, que crea otras submarcas de distinto tipo. De momento solo tenemos una. que es: NOMARCAS_SrSnake. <\/li>\n\n\n\n<li class=\"has-medium-font-size\">En esta web, lo que hacemos es reunir los productos de distintas plataformas, para que puedas filtrar y puedas comparar los precios y saber qu\u00e9 productos hay. <\/li>\n\n\n\n<li class=\"has-medium-font-size\">La impresi\u00f3n de los dise\u00f1os, el cobro de los productos y el env\u00edo de los productos lo realiza cada plataforma, a su manera. Si tiene alg\u00fan problema, le recomiendo que primero contacte con ellos, por ser m\u00e1s directo. Si no, pueden pasarme la web. Si no le hacen caso, puede contactarme para yo tratar con la plataforma en cuesti\u00f3n.<\/li>\n\n\n\n<li class=\"has-medium-font-size\">De momento, las tres plataformas empleadas para estos productos son <a href=\"https:\/\/www.redbubble.com\/es\" target=\"_blank\" rel=\"noopener\" title=\"Redbubble\"><strong><em>Redbubble<\/em><\/strong><\/a>, <a href=\"https:\/\/nomarcasestilo.myspreadshop.es\/\" target=\"_blank\" rel=\"noopener\" title=\"Spreadshop\"><em><strong>Spreadshop<\/strong><\/em><\/a> y <strong><em><a href=\"https:\/\/tee.pub\/lic\/nomarcas\" target=\"_blank\" rel=\"noopener\" title=\"Teepublic\">Teepublic<\/a><\/em><\/strong>.<\/li>\n<\/ul>\n\n\n\n<div style=\"height:100px\" aria-hidden=\"true\" class=\"wp-block-spacer\"><\/div>\n\n\n\n<p class=\"has-text-align-center has-medium-font-size\"><strong>SUBMARCAS<\/strong><\/p>\n\n\n\n<p class=\"has-black-color has-white-background-color has-text-color has-background has-link-color has-medium-font-size wp-elements-0e42990a1edea8a29e11ef360a9cf4c1\">Tenemos de momento solo una y esa es SrSnake. Que consiste en una reivindicaci\u00f3n ideol\u00f3gica y pol\u00edtica con un toque de humor en algunas ocasiones. <strong> <\/strong><\/p>\n\n\n\n<div style=\"height:100px\" aria-hidden=\"true\" class=\"wp-block-spacer\"><\/div>\n\n\n\n<hr class=\"wp-block-separator has-alpha-channel-opacity\"\/>\n\n\n\n<div style=\"height:100px\" aria-hidden=\"true\" class=\"wp-block-spacer\"><\/div>\n\n\n\n<p class=\"has-text-align-center has-medium-font-size\">4.&nbsp;<strong>PRECIO<\/strong><\/p>\n\n\n\n<p class=\"has-black-color has-white-background-color has-text-color has-background has-link-color has-medium-font-size wp-elements-c131f05e528a9a9894e22fbf6319d810\"> Los precios depender\u00e1n del producto y de la plataforma donde se venda. Luego tambi\u00e9n habr\u00eda que tener en cuenta el IVA.<\/p>\n\n\n\n<div style=\"height:100px\" aria-hidden=\"true\" class=\"wp-block-spacer\"><\/div>\n\n\n\n<hr class=\"wp-block-separator has-alpha-channel-opacity\"\/>\n\n\n\n<div style=\"height:100px\" aria-hidden=\"true\" class=\"wp-block-spacer\"><\/div>\n\n\n\n<p class=\"has-text-align-center has-medium-font-size\">5.&nbsp;<strong>DEVOLUCIONES y DESISTIMIENTO<\/strong><\/p>\n\n\n\n<p class=\"has-text-align-center\"><strong><u>Petici\u00f3n de devoluci\u00f3n<\/u><\/strong><\/p>\n\n\n\n<p class=\"has-text-align-center has-black-color has-white-background-color has-text-color has-background has-link-color wp-elements-31cbdf9eeef09bf856d55e1a6b9081de\">Depender\u00e1 de la pol\u00edtica de cada plataforma.<\/p>\n\n\n\n<p class=\"has-text-align-center\"><strong><u>Desistimiento<\/u><\/strong><\/p>\n\n\n\n<p class=\"has-text-align-center has-black-color has-white-background-color has-text-color has-background has-link-color wp-elements-31cbdf9eeef09bf856d55e1a6b9081de\">Depender\u00e1 de la pol\u00edtica de cada plataforma.<\/p>\n","protected":false},"excerpt":{"rendered":"<p>AVISO LEGAL El presente&nbsp;AVISO LEGAL&nbsp;regula los derechos y obligaciones del rediperoficial.com y de los usuarios, en relaci\u00f3n al acceso, navegaci\u00f3n y utilizaci\u00f3n de la presente web sin perjuicio de que&nbsp;nomarcasestilo.com&nbsp;se reserve el derecho a modificar, sin previo aviso, su contenido, siendo vigentes las que se encuentren publicadas en el momento de navegaci\u00f3n. Mediante la navegaci\u00f3n, [&#8230;]\n","protected":false},"author":1,"featured_media":0,"parent":0,"menu_order":0,"comment_status":"closed","ping_status":"closed","template":"","meta":{"footnotes":""},"class_list":["post-29698","page","type-page","status-publish","hentry"],"aioseo_notices":[],"jetpack_sharing_enabled":true,"_links":{"self":[{"href":"https:\/\/nomarcasestilo.com\/index.php?rest_route=\/wp\/v2\/pages\/29698","targetHints":{"allow":["GET"]}}],"collection":[{"href":"https:\/\/nomarcasestilo.com\/index.php?rest_route=\/wp\/v2\/pages"}],"about":[{"href":"https:\/\/nomarcasestilo.com\/index.php?rest_route=\/wp\/v2\/types\/page"}],"author":[{"embeddable":true,"href":"https:\/\/nomarcasestilo.com\/index.php?rest_route=\/wp\/v2\/users\/1"}],"replies":[{"embeddable":true,"href":"https:\/\/nomarcasestilo.com\/index.php?rest_route=%2Fwp%2Fv2%2Fcomments&post=29698"}],"version-history":[{"count":58,"href":"https:\/\/nomarcasestilo.com\/index.php?rest_route=\/wp\/v2\/pages\/29698\/revisions"}],"predecessor-version":[{"id":29776,"href":"https:\/\/nomarcasestilo.com\/index.php?rest_route=\/wp\/v2\/pages\/29698\/revisions\/29776"}],"wp:attachment":[{"href":"https:\/\/nomarcasestilo.com\/index.php?rest_route=%2Fwp%2Fv2%2Fmedia&parent=29698"}],"curies":[{"name":"wp","href":"https:\/\/api.w.org\/{rel}","templated":true}]}}